{"id":118,"date":"2019-07-21T13:11:39","date_gmt":"2019-07-21T11:11:39","guid":{"rendered":"http:\/\/adelucas.es\/?page_id=118"},"modified":"2019-07-21T13:26:16","modified_gmt":"2019-07-21T11:26:16","slug":"edicion-de-monograficos","status":"publish","type":"page","link":"http:\/\/adelucas.es\/?page_id=118","title":{"rendered":"Edici\u00f3n de monogr\u00e1ficos"},"content":{"rendered":"\t\t<div data-elementor-type=\"wp-post\" data-elementor-id=\"118\" class=\"elementor elementor-118\">\n\t\t\t\t\t\t<div class=\"elementor-inner\">\n\t\t\t\t<div class=\"elementor-section-wrap\">\n\t\t\t\t\t\t\t\t\t<section class=\"elementor-section elementor-top-section elementor-element elementor-element-17b7827 elementor-section-boxed elementor-section-height-default elementor-section-height-default\" data-id=\"17b7827\" data-element_type=\"section\">\n\t\t\t\t\t\t<div class=\"elementor-container elementor-column-gap-default\">\n\t\t\t\t\t\t\t<div class=\"elementor-row\">\n\t\t\t\t\t<div class=\"elementor-column elementor-col-100 elementor-top-column elementor-element elementor-element-8b63e54\" data-id=\"8b63e54\" data-element_type=\"column\">\n\t\t\t<div class=\"elementor-column-wrap elementor-element-populated\">\n\t\t\t\t\t\t\t<div class=\"elementor-widget-wrap\">\n\t\t\t\t\t\t<div class=\"elementor-element elementor-element-eb969ee elementor-widget elementor-widget-text-editor\" data-id=\"eb969ee\" data-element_type=\"widget\" data-widget_type=\"text-editor.default\">\n\t\t\t\t<div class=\"elementor-widget-container\">\n\t\t\t\t\t\t\t\t<div class=\"elementor-text-editor elementor-clearfix\">\n\t\t\t\t<p><strong>Edici\u00f3n de monogr\u00e1fico: EUNSA (2015):<\/strong><\/p><p>Gordejuela Senosi\u00e1in, A.; Izquierdo Alegr\u00eda, D.; Jim\u00e9nez Berrio, F.; De Lucas Vicente, A. y Casado Velarde, M. (eds.) (2015):<em> Lenguas, lenguaje y ling\u00fc\u00edstica. Contribuciones desde la Ling\u00fc\u00edstica General.<\/em> Pamplona: Servicio de publicaciones de la Universidad de Navarra<a href=\"http:\/\/dadun.unav.edu\/handle\/10171\/40134\"><img decoding=\"async\" loading=\"lazy\" class=\"aligncenter\" src=\"http:\/\/adelucas.es\/wp-content\/uploads\/2019\/07\/ir-a-web.png\" alt=\"\" width=\"68\" height=\"68\" \/><\/a><img decoding=\"async\" loading=\"lazy\" class=\"aligncenter wp-image-84\" src=\"http:\/\/adelucas.es\/wp-content\/uploads\/2019\/07\/Lenguas-lenguaje-y-ling\u00fc\u00edstica-724x1024.png\" alt=\"\" width=\"362\" height=\"512\" srcset=\"http:\/\/adelucas.es\/wp-content\/uploads\/2019\/07\/Lenguas-lenguaje-y-ling\u00fc\u00edstica-724x1024.png 724w, http:\/\/adelucas.es\/wp-content\/uploads\/2019\/07\/Lenguas-lenguaje-y-ling\u00fc\u00edstica-212x300.png 212w, http:\/\/adelucas.es\/wp-content\/uploads\/2019\/07\/Lenguas-lenguaje-y-ling\u00fc\u00edstica-768x1086.png 768w, http:\/\/adelucas.es\/wp-content\/uploads\/2019\/07\/Lenguas-lenguaje-y-ling\u00fc\u00edstica.png 850w\" sizes=\"(max-width: 362px) 100vw, 362px\" \/> \u00a0<\/p><p>\u00a0<\/p><p><strong>Edici\u00f3n de monogr\u00e1fico: EUNSA (2015):<\/strong><br \/>De Lucas Vicente, A.; Celayeta Gil, N.; Izquierdo Alegr\u00eda, D. y Jim\u00e9nez Berrio, F. (eds.) (2015): <em>Aplicaciones y enfoques te\u00f3ricos del An\u00e1lisis del Discurso<\/em>. Pamplona: EUNSA<a href=\"http:\/\/www.eunsa.es\/tienda\/linguistica\/1851-aplicaciones-y-enfoques-teoricos-del-analisis-del-discurso.html\"><img decoding=\"async\" loading=\"lazy\" class=\"aligncenter\" src=\"http:\/\/adelucas.es\/wp-content\/uploads\/2019\/07\/ir-a-web.png\" alt=\"\" width=\"68\" height=\"68\" \/><\/a> <img decoding=\"async\" loading=\"lazy\" class=\"aligncenter wp-image-82 size-full\" src=\"http:\/\/adelucas.es\/wp-content\/uploads\/2019\/07\/aplicaciones-y-enfoques-teoricos-del-analisis-del-discurso.jpg\" alt=\"\" width=\"600\" height=\"600\" srcset=\"http:\/\/adelucas.es\/wp-content\/uploads\/2019\/07\/aplicaciones-y-enfoques-teoricos-del-analisis-del-discurso.jpg 600w, http:\/\/adelucas.es\/wp-content\/uploads\/2019\/07\/aplicaciones-y-enfoques-teoricos-del-analisis-del-discurso-150x150.jpg 150w, http:\/\/adelucas.es\/wp-content\/uploads\/2019\/07\/aplicaciones-y-enfoques-teoricos-del-analisis-del-discurso-300x300.jpg 300w\" sizes=\"(max-width: 600px) 100vw, 600px\" \/><\/p><p>\u00a0<\/p><p>\u00a0<\/p><p><strong>Edici\u00f3n de monogr\u00e1fico: Peter Lang (2014):<\/strong><\/p><p>Celayeta Gil, N.; De Lucas Vicente, A.; Iraceburu Jim\u00e9nez, M.; Jim\u00e9nez Berrio, F. e Izquierdo Alegr\u00eda, D. (eds.) (2014):<em> Ling\u00fc\u00edstica Te\u00f3rica y Aplicada: nuevos enfoques<\/em>. Frankfurt: Peter Lang.<a href=\"https:\/\/www.peterlang.com\/view\/title\/17517\"><img decoding=\"async\" loading=\"lazy\" class=\"aligncenter\" src=\"http:\/\/adelucas.es\/wp-content\/uploads\/2019\/07\/ir-a-web.png\" alt=\"\" width=\"68\" height=\"68\" \/><\/a><img decoding=\"async\" loading=\"lazy\" class=\"wp-image-79 size-full aligncenter\" src=\"http:\/\/adelucas.es\/wp-content\/uploads\/2019\/07\/Ling\u00a8\u00b4istica-te\u00f3rica-y-aplicada.jpg\" alt=\"\" width=\"352\" height=\"500\" srcset=\"http:\/\/adelucas.es\/wp-content\/uploads\/2019\/07\/Ling\u00a8\u00b4istica-te\u00f3rica-y-aplicada.jpg 352w, http:\/\/adelucas.es\/wp-content\/uploads\/2019\/07\/Ling\u00a8\u00b4istica-te\u00f3rica-y-aplicada-211x300.jpg 211w\" sizes=\"(max-width: 352px) 100vw, 352px\" \/> \u00a0<\/p><p>\u00a0<\/p><p><strong>Edici\u00f3n de monogr\u00e1fico: Servicio de Publicaciones de la Univ. de Navarra (2014):<\/strong><\/p><p>Jim\u00e9nez Berrio, F.; Jimeno Zuazu, A.; De Lucas Vicente, A. y Celayeta Gil, N. (eds.) (2014): <em>Variaci\u00f3n geogr\u00e1fica y social en el panorama ling\u00fc\u00edstico espa\u00f1ol.<\/em> Pamplona: Servicio de publicaciones de la Universidad de Navarra.<a href=\"http:\/\/hdl.handle.net\/10171\/36221\"><img decoding=\"async\" loading=\"lazy\" class=\"aligncenter\" src=\"http:\/\/adelucas.es\/wp-content\/uploads\/2019\/07\/ir-a-web.png\" alt=\"\" width=\"68\" height=\"68\" \/><\/a><a href=\"http:\/\/adelucas.es\/wp-content\/uploads\/2019\/07\/Variaci\u00f3n-geogr\u00e1fica-y-social.pdf\"><img decoding=\"async\" loading=\"lazy\" class=\"wp-image-100 alignnone aligncenter\" src=\"http:\/\/adelucas.es\/wp-content\/uploads\/2019\/07\/icono-PDF-150x150.png\" alt=\"Descargar PDF\" width=\"59\" height=\"68\" srcset=\"http:\/\/adelucas.es\/wp-content\/uploads\/2019\/07\/icono-PDF-258x300.png 258w, http:\/\/adelucas.es\/wp-content\/uploads\/2019\/07\/icono-PDF.png 360w\" sizes=\"(max-width: 59px) 100vw, 59px\" \/><\/a><img decoding=\"async\" loading=\"lazy\" class=\"aligncenter wp-image-80\" src=\"http:\/\/adelucas.es\/wp-content\/uploads\/2019\/07\/Variaci\u00f3n-geogr\u00e1fica-y-social.jpg\" alt=\"\" width=\"248\" height=\"350\" \/><\/p><p>\u00a0<\/p><p>\u00a0<\/p><p><strong>Edici\u00f3n de monogr\u00e1fico: <em>Analecta malacitana<\/em> [ISSN 1697-4239] (2014):<\/strong><\/p><p>Celayeta Gil, N.; Jim\u00e9nez Berrio, F.; De Lucas Vicente, A. e Iraceburu Jim\u00e9nez, M. (2014): <em>Ense\u00f1anza y aprendizaje de lenguas en el contexto educativo espa\u00f1ol<\/em> . Analecta malacitana, anejo 96.<\/p><p><a href=\"https:\/\/dialnet.unirioja.es\/servlet\/libro?codigo=575254\"><img decoding=\"async\" loading=\"lazy\" class=\"aligncenter\" src=\"http:\/\/adelucas.es\/wp-content\/uploads\/2019\/07\/ir-a-web.png\" alt=\"\" width=\"68\" height=\"68\" \/><\/a><br \/><img decoding=\"async\" loading=\"lazy\" class=\"aligncenter wp-image-83 size-full\" src=\"http:\/\/adelucas.es\/wp-content\/uploads\/2019\/07\/Ense\u00f1anza-y-aduisici\u00f3n-de-lenguas.jpg\" alt=\"\" width=\"292\" height=\"400\" srcset=\"http:\/\/adelucas.es\/wp-content\/uploads\/2019\/07\/Ense\u00f1anza-y-aduisici\u00f3n-de-lenguas.jpg 292w, http:\/\/adelucas.es\/wp-content\/uploads\/2019\/07\/Ense\u00f1anza-y-aduisici\u00f3n-de-lenguas-219x300.jpg 219w\" sizes=\"(max-width: 292px) 100vw, 292px\" \/><\/p><p>\u00a0<\/p><p><strong>Edici\u00f3n de monogr\u00e1fico: <em>marcoELE<\/em> [ISSN 1885-2211] (2014):<\/strong><\/p><p>Jim\u00e9nez Berrio, F., Celayeta Gil, N., De Lucas Vicente, A. y Jimeno Zuazu, A. (eds.) (2014): <em>Tendencias actuales en la investigaci\u00f3n de ELE<\/em>,<em> marcoELE<\/em>, 18 (monogr\u00e1fico).<\/p><p><a href=\"http:\/\/marcoele.com\/monograficos\/tendencias-actuales-de-la-investigacion-en-ele\/\"><img decoding=\"async\" loading=\"lazy\" class=\"alignnone aligncenter\" src=\"http:\/\/adelucas.es\/wp-content\/uploads\/2019\/07\/ir-a-web.png\" alt=\"\" width=\"67\" height=\"67\" \/><\/a>\u00a0\u00a0<a href=\"http:\/\/adelucas.es\/wp-content\/uploads\/2019\/07\/Tendencias_actuales_de_la_investigacion.pdf\"><img decoding=\"async\" loading=\"lazy\" class=\"alignnone wp-image-100 aligncenter\" src=\"http:\/\/adelucas.es\/wp-content\/uploads\/2019\/07\/icono-PDF-150x150.png\" alt=\"Descargar PDF\" width=\"59\" height=\"68\" srcset=\"http:\/\/adelucas.es\/wp-content\/uploads\/2019\/07\/icono-PDF-258x300.png 258w, http:\/\/adelucas.es\/wp-content\/uploads\/2019\/07\/icono-PDF.png 360w\" sizes=\"(max-width: 59px) 100vw, 59px\" \/><\/a><img decoding=\"async\" loading=\"lazy\" class=\"aligncenter wp-image-81\" src=\"http:\/\/adelucas.es\/wp-content\/uploads\/2019\/07\/Tendencias-actuales-de-la-investigaci\u00f3n-de-ELE.jpg\" alt=\"\" width=\"272\" height=\"383\" \/><\/p>\t\t\t\t\t<\/div>\n\t\t\t\t\t\t<\/div>\n\t\t\t\t<\/div>\n\t\t\t\t\t\t<\/div>\n\t\t\t\t\t<\/div>\n\t\t<\/div>\n\t\t\t\t\t\t\t\t<\/div>\n\t\t\t\t\t<\/div>\n\t\t<\/section>\n\t\t\t\t\t\t\t\t\t<\/div>\n\t\t\t<\/div>\n\t\t\t\t\t<\/div>\n\t\t","protected":false},"excerpt":{"rendered":"<p>Edici\u00f3n de monogr\u00e1fico: EUNSA (2015): Gordejuela Senosi\u00e1in, A.; Izquierdo Alegr\u00eda, D.; Jim\u00e9nez Berrio, F.; De Lucas Vicente, A. y Casado Velarde, M. (eds.) (2015): Lenguas, lenguaje y ling\u00fc\u00edstica. Contribuciones desde la Ling\u00fc\u00edstica General. Pamplona: Servicio de publicaciones de la Universidad de Navarra \u00a0 \u00a0 Edici\u00f3n de monogr\u00e1fico: EUNSA (2015):De Lucas Vicente, A.; Celayeta Gil, N.; &#8230;<\/p>\n","protected":false},"author":1,"featured_media":0,"parent":0,"menu_order":0,"comment_status":"closed","ping_status":"closed","template":"","meta":[],"_links":{"self":[{"href":"http:\/\/adelucas.es\/index.php?rest_route=\/wp\/v2\/pages\/118"}],"collection":[{"href":"http:\/\/adelucas.es\/index.php?rest_route=\/wp\/v2\/pages"}],"about":[{"href":"http:\/\/adelucas.es\/index.php?rest_route=\/wp\/v2\/types\/page"}],"author":[{"embeddable":true,"href":"http:\/\/adelucas.es\/index.php?rest_route=\/wp\/v2\/users\/1"}],"replies":[{"embeddable":true,"href":"http:\/\/adelucas.es\/index.php?rest_route=%2Fwp%2Fv2%2Fcomments&post=118"}],"version-history":[{"count":4,"href":"http:\/\/adelucas.es\/index.php?rest_route=\/wp\/v2\/pages\/118\/revisions"}],"predecessor-version":[{"id":125,"href":"http:\/\/adelucas.es\/index.php?rest_route=\/wp\/v2\/pages\/118\/revisions\/125"}],"wp:attachment":[{"href":"http:\/\/adelucas.es\/index.php?rest_route=%2Fwp%2Fv2%2Fmedia&parent=118"}],"curies":[{"name":"wp","href":"https:\/\/api.w.org\/{rel}","templated":true}]}}