{"id":126,"date":"2019-07-21T13:51:29","date_gmt":"2019-07-21T11:51:29","guid":{"rendered":"http:\/\/adelucas.es\/?page_id=126"},"modified":"2019-07-21T14:09:37","modified_gmt":"2019-07-21T12:09:37","slug":"tesis-doctoral-y-tesina-tfm","status":"publish","type":"page","link":"http:\/\/adelucas.es\/?page_id=126","title":{"rendered":"Tesis doctoral y tesina (TFM)"},"content":{"rendered":"\t\t<div data-elementor-type=\"wp-post\" data-elementor-id=\"126\" class=\"elementor elementor-126\">\n\t\t\t\t\t\t<div class=\"elementor-inner\">\n\t\t\t\t<div class=\"elementor-section-wrap\">\n\t\t\t\t\t\t\t\t\t<section class=\"elementor-section elementor-top-section elementor-element elementor-element-cfa323f elementor-section-boxed elementor-section-height-default elementor-section-height-default\" data-id=\"cfa323f\" data-element_type=\"section\">\n\t\t\t\t\t\t<div class=\"elementor-container elementor-column-gap-default\">\n\t\t\t\t\t\t\t<div class=\"elementor-row\">\n\t\t\t\t\t<div class=\"elementor-column elementor-col-100 elementor-top-column elementor-element elementor-element-2988725\" data-id=\"2988725\" data-element_type=\"column\">\n\t\t\t<div class=\"elementor-column-wrap elementor-element-populated\">\n\t\t\t\t\t\t\t<div class=\"elementor-widget-wrap\">\n\t\t\t\t\t\t<div class=\"elementor-element elementor-element-a6e64e8 elementor-widget elementor-widget-text-editor\" data-id=\"a6e64e8\" data-element_type=\"widget\" data-widget_type=\"text-editor.default\">\n\t\t\t\t<div class=\"elementor-widget-container\">\n\t\t\t\t\t\t\t\t<div class=\"elementor-text-editor elementor-clearfix\">\n\t\t\t\t<h4 style=\"text-align: center;\">Tesis doctoral<\/h4><p><strong><em>Polifon\u00eda y Argumentaci\u00f3n. Estrategias de introducci\u00f3n de discurso ajeno en un corpus de prensa espa\u00f1ola actual<\/em> (2017)<\/strong><\/p><p><a href=\"https:\/\/dialnet.unirioja.es\/servlet\/tesis?codigo=179165\"><img decoding=\"async\" loading=\"lazy\" class=\"aligncenter\" src=\"http:\/\/adelucas.es\/wp-content\/uploads\/2019\/07\/ir-a-web.png\" alt=\"\" width=\"68\" height=\"68\" \/><\/a>\u00a0\u00a0<a href=\"http:\/\/adelucas.es\/wp-content\/uploads\/2019\/07\/Tesis-v.4.pdf\"><img decoding=\"async\" loading=\"lazy\" class=\"alignnone wp-image-100 aligncenter\" src=\"http:\/\/adelucas.es\/wp-content\/uploads\/2019\/07\/icono-PDF.png\" alt=\"Descargar PDF\" width=\"59\" height=\"68\" srcset=\"http:\/\/adelucas.es\/wp-content\/uploads\/2019\/07\/icono-PDF.png 360w, http:\/\/adelucas.es\/wp-content\/uploads\/2019\/07\/icono-PDF-258x300.png 258w\" sizes=\"(max-width: 59px) 100vw, 59px\" \/><\/a><\/p><p><img decoding=\"async\" loading=\"lazy\" class=\"aligncenter wp-image-133\" src=\"http:\/\/adelucas.es\/wp-content\/uploads\/2019\/07\/Foto-portada-tesis.jpg\" alt=\"\" width=\"348\" height=\"500\" srcset=\"http:\/\/adelucas.es\/wp-content\/uploads\/2019\/07\/Foto-portada-tesis.jpg 2087w, http:\/\/adelucas.es\/wp-content\/uploads\/2019\/07\/Foto-portada-tesis-209x300.jpg 209w, http:\/\/adelucas.es\/wp-content\/uploads\/2019\/07\/Foto-portada-tesis-768x1104.jpg 768w, http:\/\/adelucas.es\/wp-content\/uploads\/2019\/07\/Foto-portada-tesis-712x1024.jpg 712w\" sizes=\"(max-width: 348px) 100vw, 348px\" \/><\/p><h4>\u00a0<\/h4><h4>\u00a0<\/h4><h4 style=\"text-align: center;\">Trabajo de Fin de M\u00e1ster (TFM)<\/h4><p style=\"text-align: left;\"><strong>\u201cLa funci\u00f3n evaluativa en los verbos introductores de cita. Estudio y propuesta did\u00e1ctica\u201d. <\/strong><strong>M\u00e1ster Universitario en Espa\u00f1ol e Ingl\u00e9s como Lenguas Extranjeras y Nuevas Lenguas. <\/strong><strong>Universidad de Navarra (2011)<\/strong><\/p><p>\u00a0<\/p>\t\t\t\t\t<\/div>\n\t\t\t\t\t\t<\/div>\n\t\t\t\t<\/div>\n\t\t\t\t\t\t<\/div>\n\t\t\t\t\t<\/div>\n\t\t<\/div>\n\t\t\t\t\t\t\t\t<\/div>\n\t\t\t\t\t<\/div>\n\t\t<\/section>\n\t\t\t\t\t\t\t\t\t<\/div>\n\t\t\t<\/div>\n\t\t\t\t\t<\/div>\n\t\t","protected":false},"excerpt":{"rendered":"<p>Tesis doctoral Polifon\u00eda y Argumentaci\u00f3n. Estrategias de introducci\u00f3n de discurso ajeno en un corpus de prensa espa\u00f1ola actual (2017) \u00a0\u00a0 \u00a0 \u00a0 Trabajo de Fin de M\u00e1ster (TFM) \u201cLa funci\u00f3n evaluativa en los verbos introductores de cita. Estudio y propuesta did\u00e1ctica\u201d. M\u00e1ster Universitario en Espa\u00f1ol e Ingl\u00e9s como Lenguas Extranjeras y Nuevas Lenguas. Universidad de &#8230;<\/p>\n","protected":false},"author":1,"featured_media":0,"parent":0,"menu_order":0,"comment_status":"closed","ping_status":"closed","template":"","meta":[],"_links":{"self":[{"href":"http:\/\/adelucas.es\/index.php?rest_route=\/wp\/v2\/pages\/126"}],"collection":[{"href":"http:\/\/adelucas.es\/index.php?rest_route=\/wp\/v2\/pages"}],"about":[{"href":"http:\/\/adelucas.es\/index.php?rest_route=\/wp\/v2\/types\/page"}],"author":[{"embeddable":true,"href":"http:\/\/adelucas.es\/index.php?rest_route=\/wp\/v2\/users\/1"}],"replies":[{"embeddable":true,"href":"http:\/\/adelucas.es\/index.php?rest_route=%2Fwp%2Fv2%2Fcomments&post=126"}],"version-history":[{"count":4,"href":"http:\/\/adelucas.es\/index.php?rest_route=\/wp\/v2\/pages\/126\/revisions"}],"predecessor-version":[{"id":134,"href":"http:\/\/adelucas.es\/index.php?rest_route=\/wp\/v2\/pages\/126\/revisions\/134"}],"wp:attachment":[{"href":"http:\/\/adelucas.es\/index.php?rest_route=%2Fwp%2Fv2%2Fmedia&parent=126"}],"curies":[{"name":"wp","href":"https:\/\/api.w.org\/{rel}","templated":true}]}}