{"id":142,"date":"2019-07-21T14:19:22","date_gmt":"2019-07-21T12:19:22","guid":{"rendered":"http:\/\/adelucas.es\/?page_id=142"},"modified":"2019-07-21T14:29:09","modified_gmt":"2019-07-21T12:29:09","slug":"comunicaciones","status":"publish","type":"page","link":"http:\/\/adelucas.es\/?page_id=142","title":{"rendered":"Comunicaciones"},"content":{"rendered":"\t\t<div data-elementor-type=\"wp-post\" data-elementor-id=\"142\" class=\"elementor elementor-142\">\n\t\t\t\t\t\t<div class=\"elementor-inner\">\n\t\t\t\t<div class=\"elementor-section-wrap\">\n\t\t\t\t\t\t\t\t\t<section class=\"elementor-section elementor-top-section elementor-element elementor-element-02a97a6 elementor-section-boxed elementor-section-height-default elementor-section-height-default\" data-id=\"02a97a6\" data-element_type=\"section\">\n\t\t\t\t\t\t<div class=\"elementor-container elementor-column-gap-default\">\n\t\t\t\t\t\t\t<div class=\"elementor-row\">\n\t\t\t\t\t<div class=\"elementor-column elementor-col-100 elementor-top-column elementor-element elementor-element-8d87931\" data-id=\"8d87931\" data-element_type=\"column\">\n\t\t\t<div class=\"elementor-column-wrap elementor-element-populated\">\n\t\t\t\t\t\t\t<div class=\"elementor-widget-wrap\">\n\t\t\t\t\t\t<div class=\"elementor-element elementor-element-aa7da84 elementor-widget elementor-widget-text-editor\" data-id=\"aa7da84\" data-element_type=\"widget\" data-widget_type=\"text-editor.default\">\n\t\t\t\t<div class=\"elementor-widget-container\">\n\t\t\t\t\t\t\t\t<div class=\"elementor-text-editor elementor-clearfix\">\n\t\t\t\t<h5>LIII Simposio Internacional de la Sociedad Espa\u00f1ola de Ling\u00fc\u00edstica (SEL)\u00a0<\/h5><p>&#8220;La introducci\u00f3n de discurso ajeno: aspectos sem\u00e1nticos, sint\u00e1cticos e informativos&#8221;. Enero de 2015. CHCS-CSIC (Madrid).<\/p><p>\u00a0<\/p><p>\u00a0<\/p><h5>XXIX Congreso Internacional de la Asociaci\u00f3n de J\u00f3venes Ling\u00fcistas (AJL)<\/h5><p>&#8220;Argumentaci\u00f3n y estructura informativa en la reproducci\u00f3n de discurso ajeno&#8221;. Septiembre de 2014. Universidad de Murcia.<\/p><p>\u00a0<\/p><p>\u00a0<\/p><h5>XI Congreso Internacional de Ling\u00fc\u00edstica general (XI CILG)<\/h5><div><span style=\"font-size: 16px;\">&#8220;La atribuci\u00f3n de subjetividad como estrategia desautorizadora: los verbos de opini\u00f3n en la introducci\u00f3n del discurso ajeno&#8221;. Mayo de 2014. Universidad de Navarra.<\/span><\/div><p>\u00a0<\/p><p>\u00a0<\/p><p>\u00a0<\/p><h5>XXVIII Congreso Internacional de la Asociaci\u00f3n de J\u00f3venes Ling\u00fcistas (AJL)<\/h5><p>&#8220;La cita en la prensa escrita, \u00bfun procedimiento abductivo?&#8221;. Octubre de 2013. Universidad de Navarra.<\/p><p><span style=\"font-size: 16px; font-family: 'PT Serif', TimesNewRoman, 'Times New Roman', Times, Baskerville, Georgia, serif; font-weight: bold;\">\u00a0<\/span><\/p><p><span style=\"font-size: 16px; font-family: 'PT Serif', TimesNewRoman, 'Times New Roman', Times, Baskerville, Georgia, serif; font-weight: bold;\">\u00a0<\/span><\/p><p><span style=\"font-size: 16px; font-family: 'PT Serif', TimesNewRoman, 'Times New Roman', Times, Baskerville, Georgia, serif; font-weight: bold;\">XXVIII Congreso Internacional de la Asociaci\u00f3n de J\u00f3venes Ling\u00fcistas (AJL)<\/span><\/p><p><span style=\"font-size: 16px;\">&#8220;El taller de escritura creativa en clase de E\/LE&#8221;. Octubre de 2013. Autor\u00eda\u00a0<\/span><span style=\"font-size: 16px;\">compartida con D. Rub\u00e9n Pujante Corbal\u00e1n. Universidad de Navarra.<\/span><\/p><p><span style=\"font-size: 16px;\">\u00a0<\/span><\/p><p><span style=\"font-size: 16px;\">\u00a0<\/span><\/p><h5>III International Conference on Meaning Construction, Meaning Interpretation: Applications and Implications (CRAL 2013).<\/h5><p>&#8220;La met\u00e1fora como estrategia de valoraci\u00f3n en la introducci\u00f3n del discurso ajeno&#8221;. Julio de 2013. Center for Research on the Applications of Language (CRAL) Universidad de La Rioja.<\/p><p>\u00a0<\/p><p>\u00a0<\/p><h5>Simposio Internacional GRADUN 2013: Evaluation in Media Discourse. Rhetoric and Intercultural Perspectives.<\/h5><p>&#8220;La imagen de los locutores en el discurso period\u00edstico a trav\u00e9s de los verbos de lengua&#8221;. 2013. GRADUN. Universidad de Navarra.<\/p><p>\u00a0<\/p><p>\u00a0<\/p><h5>V Congreso Internacional de Ling\u00fc\u00edstica de Corpus (CILC)<\/h5><p>&#8220;Los verbos introductores de discurso. Revisi\u00f3n gramatical contrastiva (ingl\u00e9s\/espa\u00f1ol) basada en corpus&#8221;. 2013. Asociaci\u00f3n Espa\u00f1ola de Ling\u00fc\u00edstica de Corpus (AELINCO). Universidad de Alicante.<\/p><p>\u00a0<\/p><p>\u00a0<\/p><h5>XLII Simposio Internacional de la Sociedad Espa\u00f1ola de Ling\u00fc\u00edstica (SEL)<\/h5><p>&#8220;La atribuci\u00f3n de discursos inexistentes para la construcci\u00f3n de roles en la argumentaci\u00f3n period\u00edstica&#8221;. Enero de 2013. CHCS-CSIC (Madrid).<\/p><p>\u00a0<\/p><p>\u00a0<\/p><h5>XXVII Congreso Internacional de la Asociaci\u00f3n de J\u00f3venes Ling\u00fcistas (AJL)<\/h5><p>&#8220;Hacia la construcci\u00f3n del paradigma l\u00e9xico de los verbos introductores de cita. An\u00e1lisis de su tratamiento lexicogr\u00e1fico&#8221;. Octubre de 2012. Universidad de Sevilla.<\/p><p>\u00a0<\/p><p>\u00a0<\/p><h5>IV International GRADUN Workshop<\/h5><p>&#8220;Estrategias de argumentaci\u00f3n en la introducci\u00f3n del discurso ajeno. La evaluaci\u00f3n en los verbos introductores de cita&#8221;. 2012. GRADUN. Universidad de Navarra.<\/p><p>\u00a0<\/p><p>\u00a0<\/p><h5>Int-Eval: International Workshop on the Evaluative Function of Language: Evaluation across Text Types and Cultures<\/h5><p>&#8220;La evaluaci\u00f3n del discurso referido en la prensa, a trav\u00e9s de los \u00abverba dicendi\u00bb introductores&#8221;. Autor\u00eda compartida con D. Manuel Casado Velarde. 2011. UNED (Madrid).<\/p><p>\u00a0<\/p><p>\u00a0<\/p><h5>XXXII Romanistentag<\/h5><p>&#8220;Estrategias ling\u00fc\u00edsticas de (des)legitimaci\u00f3n de los conocimientos en la prensa espa\u00f1ola&#8221;. Autor\u00eda compartida con D. Manuel Casado Velarde. 2011. HU Berlin.\u00a0<\/p><p>\u00a0<\/p><p>\u00a0<\/p><p>\u00a0<\/p><h5>XXII Congreso Internacional de ASELE<\/h5><p>&#8220;Webs.com. La creaci\u00f3n de p\u00e1ginas web como tarea de los alumnos para la ense\u00f1anza de E\/LE&#8221;. 2011. Asociaci\u00f3n para la ense\u00f1anza de espa\u00f1ol como lengua extranjera (ASELE). Universidad de Valladolid.<\/p>\t\t\t\t\t<\/div>\n\t\t\t\t\t\t<\/div>\n\t\t\t\t<\/div>\n\t\t\t\t\t\t<\/div>\n\t\t\t\t\t<\/div>\n\t\t<\/div>\n\t\t\t\t\t\t\t\t<\/div>\n\t\t\t\t\t<\/div>\n\t\t<\/section>\n\t\t\t\t\t\t\t\t\t<\/div>\n\t\t\t<\/div>\n\t\t\t\t\t<\/div>\n\t\t","protected":false},"excerpt":{"rendered":"<p>LIII Simposio Internacional de la Sociedad Espa\u00f1ola de Ling\u00fc\u00edstica (SEL)\u00a0 &#8220;La introducci\u00f3n de discurso ajeno: aspectos sem\u00e1nticos, sint\u00e1cticos e informativos&#8221;. Enero de 2015. CHCS-CSIC (Madrid). \u00a0 \u00a0 XXIX Congreso Internacional de la Asociaci\u00f3n de J\u00f3venes Ling\u00fcistas (AJL) &#8220;Argumentaci\u00f3n y estructura informativa en la reproducci\u00f3n de discurso ajeno&#8221;. Septiembre de 2014. Universidad de Murcia. \u00a0 \u00a0 &#8230;<\/p>\n","protected":false},"author":1,"featured_media":0,"parent":0,"menu_order":0,"comment_status":"closed","ping_status":"closed","template":"","meta":[],"_links":{"self":[{"href":"http:\/\/adelucas.es\/index.php?rest_route=\/wp\/v2\/pages\/142"}],"collection":[{"href":"http:\/\/adelucas.es\/index.php?rest_route=\/wp\/v2\/pages"}],"about":[{"href":"http:\/\/adelucas.es\/index.php?rest_route=\/wp\/v2\/types\/page"}],"author":[{"embeddable":true,"href":"http:\/\/adelucas.es\/index.php?rest_route=\/wp\/v2\/users\/1"}],"replies":[{"embeddable":true,"href":"http:\/\/adelucas.es\/index.php?rest_route=%2Fwp%2Fv2%2Fcomments&post=142"}],"version-history":[{"count":3,"href":"http:\/\/adelucas.es\/index.php?rest_route=\/wp\/v2\/pages\/142\/revisions"}],"predecessor-version":[{"id":423,"href":"http:\/\/adelucas.es\/index.php?rest_route=\/wp\/v2\/pages\/142\/revisions\/423"}],"wp:attachment":[{"href":"http:\/\/adelucas.es\/index.php?rest_route=%2Fwp%2Fv2%2Fmedia&parent=142"}],"curies":[{"name":"wp","href":"https:\/\/api.w.org\/{rel}","templated":true}]}}