{"id":151,"date":"2019-07-21T16:59:18","date_gmt":"2019-07-21T14:59:18","guid":{"rendered":"http:\/\/adelucas.es\/?page_id=151"},"modified":"2020-01-11T00:06:10","modified_gmt":"2020-01-10T22:06:10","slug":"intervenciones-en-la-radio","status":"publish","type":"page","link":"http:\/\/adelucas.es\/?page_id=151","title":{"rendered":"Intervenciones en la radio"},"content":{"rendered":"\t\t<div data-elementor-type=\"wp-post\" data-elementor-id=\"151\" class=\"elementor elementor-151\">\n\t\t\t\t\t\t<div class=\"elementor-inner\">\n\t\t\t\t<div class=\"elementor-section-wrap\">\n\t\t\t\t\t\t\t\t\t<section class=\"elementor-section elementor-top-section elementor-element elementor-element-5da8ab6 elementor-section-boxed elementor-section-height-default elementor-section-height-default\" data-id=\"5da8ab6\" data-element_type=\"section\">\n\t\t\t\t\t\t<div class=\"elementor-container elementor-column-gap-default\">\n\t\t\t\t\t\t\t<div class=\"elementor-row\">\n\t\t\t\t\t<div class=\"elementor-column elementor-col-100 elementor-top-column elementor-element elementor-element-9ab0779\" data-id=\"9ab0779\" data-element_type=\"column\">\n\t\t\t<div class=\"elementor-column-wrap elementor-element-populated\">\n\t\t\t\t\t\t\t<div class=\"elementor-widget-wrap\">\n\t\t\t\t\t\t<div class=\"elementor-element elementor-element-8956129 elementor-widget elementor-widget-text-editor\" data-id=\"8956129\" data-element_type=\"widget\" data-widget_type=\"text-editor.default\">\n\t\t\t\t<div class=\"elementor-widget-container\">\n\t\t\t\t\t\t\t\t<div class=\"elementor-text-editor elementor-clearfix\">\n\t\t\t\t<p style=\"text-align: center;\">Comentario cr\u00edtico de la pel\u00edcula <em>La leyenda del pianista en el oc\u00e9ano<\/em>, de G. Tornatore, en <em>Butaca Vip<\/em>, programa de cine de Radio San Javier.<\/p><p><!--[if lt IE 9]><script>document.createElement('audio');<\/script><![endif]-->\n<audio class=\"wp-audio-shortcode\" id=\"audio-151-1\" preload=\"none\" style=\"width: 100%;\" controls=\"controls\"><source type=\"audio\/mpeg\" src=\"http:\/\/adelucas.es\/wp-content\/uploads\/2019\/07\/Butaca_VIP_11-06-2019-corte-1-1.mp3?_=1\" \/><a href=\"http:\/\/adelucas.es\/wp-content\/uploads\/2019\/07\/Butaca_VIP_11-06-2019-corte-1-1.mp3\">http:\/\/adelucas.es\/wp-content\/uploads\/2019\/07\/Butaca_VIP_11-06-2019-corte-1-1.mp3<\/a><\/audio><\/p>\t\t\t\t\t<\/div>\n\t\t\t\t\t\t<\/div>\n\t\t\t\t<\/div>\n\t\t\t\t\t\t<\/div>\n\t\t\t\t\t<\/div>\n\t\t<\/div>\n\t\t\t\t\t\t\t\t<\/div>\n\t\t\t\t\t<\/div>\n\t\t<\/section>\n\t\t\t\t<section class=\"elementor-section elementor-top-section elementor-element elementor-element-3c11a5e elementor-section-boxed elementor-section-height-default elementor-section-height-default\" data-id=\"3c11a5e\" data-element_type=\"section\">\n\t\t\t\t\t\t<div class=\"elementor-container elementor-column-gap-default\">\n\t\t\t\t\t\t\t<div class=\"elementor-row\">\n\t\t\t\t\t<div class=\"elementor-column elementor-col-100 elementor-top-column elementor-element elementor-element-a013cf7\" data-id=\"a013cf7\" data-element_type=\"column\">\n\t\t\t<div class=\"elementor-column-wrap elementor-element-populated\">\n\t\t\t\t\t\t\t<div class=\"elementor-widget-wrap\">\n\t\t\t\t\t\t<div class=\"elementor-element elementor-element-dc919c8 elementor-widget elementor-widget-text-editor\" data-id=\"dc919c8\" data-element_type=\"widget\" data-widget_type=\"text-editor.default\">\n\t\t\t\t<div class=\"elementor-widget-container\">\n\t\t\t\t\t\t\t\t<div class=\"elementor-text-editor elementor-clearfix\">\n\t\t\t\t<p>Entrevista en <i>Radio San Javier:<\/i><\/p><p><audio class=\"wp-audio-shortcode\" id=\"audio-151-2\" preload=\"none\" style=\"width: 100%;\" controls=\"controls\"><source type=\"audio\/mpeg\" src=\"http:\/\/adelucas.es\/wp-content\/uploads\/2019\/11\/Entrevista-en-Radio-San-Javier-1.mp3?_=2\" \/><a href=\"http:\/\/adelucas.es\/wp-content\/uploads\/2019\/11\/Entrevista-en-Radio-San-Javier-1.mp3\">http:\/\/adelucas.es\/wp-content\/uploads\/2019\/11\/Entrevista-en-Radio-San-Javier-1.mp3<\/a><\/audio><\/p><p>\u00a0<\/p>\t\t\t\t\t<\/div>\n\t\t\t\t\t\t<\/div>\n\t\t\t\t<\/div>\n\t\t\t\t\t\t<\/div>\n\t\t\t\t\t<\/div>\n\t\t<\/div>\n\t\t\t\t\t\t\t\t<\/div>\n\t\t\t\t\t<\/div>\n\t\t<\/section>\n\t\t\t\t<section class=\"elementor-section elementor-top-section elementor-element elementor-element-80bd69b elementor-section-boxed elementor-section-height-default elementor-section-height-default\" data-id=\"80bd69b\" data-element_type=\"section\">\n\t\t\t\t\t\t<div class=\"elementor-container elementor-column-gap-default\">\n\t\t\t\t\t\t\t<div class=\"elementor-row\">\n\t\t\t\t\t<div class=\"elementor-column elementor-col-100 elementor-top-column elementor-element elementor-element-ea447f2\" data-id=\"ea447f2\" data-element_type=\"column\">\n\t\t\t<div class=\"elementor-column-wrap elementor-element-populated\">\n\t\t\t\t\t\t\t<div class=\"elementor-widget-wrap\">\n\t\t\t\t\t\t<div class=\"elementor-element elementor-element-6e5dd40 elementor-widget elementor-widget-text-editor\" data-id=\"6e5dd40\" data-element_type=\"widget\" data-widget_type=\"text-editor.default\">\n\t\t\t\t<div class=\"elementor-widget-container\">\n\t\t\t\t\t\t\t\t<div class=\"elementor-text-editor elementor-clearfix\">\n\t\t\t\t<p>Entrevista en el programa <em>L&#8217;Alamb\u00ed d&#8217;escriptors <\/em>de Bellvei Radio:<\/p><p><audio class=\"wp-audio-shortcode\" id=\"audio-151-3\" preload=\"none\" style=\"width: 100%;\" controls=\"controls\"><source type=\"audio\/mpeg\" src=\"http:\/\/adelucas.es\/wp-content\/uploads\/2020\/01\/Entrevista-en-Bellvei-Radio.mp3?_=3\" \/><a href=\"http:\/\/adelucas.es\/wp-content\/uploads\/2020\/01\/Entrevista-en-Bellvei-Radio.mp3\">http:\/\/adelucas.es\/wp-content\/uploads\/2020\/01\/Entrevista-en-Bellvei-Radio.mp3<\/a><\/audio><\/p><p>\u00a0<\/p>\t\t\t\t\t<\/div>\n\t\t\t\t\t\t<\/div>\n\t\t\t\t<\/div>\n\t\t\t\t\t\t<\/div>\n\t\t\t\t\t<\/div>\n\t\t<\/div>\n\t\t\t\t\t\t\t\t<\/div>\n\t\t\t\t\t<\/div>\n\t\t<\/section>\n\t\t\t\t\t\t\t\t\t<\/div>\n\t\t\t<\/div>\n\t\t\t\t\t<\/div>\n\t\t","protected":false},"excerpt":{"rendered":"<p>Comentario cr\u00edtico de la pel\u00edcula La leyenda del pianista en el oc\u00e9ano, de G. Tornatore, en Butaca Vip, programa de cine de Radio San Javier. Entrevista en Radio San Javier: \u00a0 Entrevista en el programa L&#8217;Alamb\u00ed d&#8217;escriptors de Bellvei Radio: \u00a0<\/p>\n","protected":false},"author":1,"featured_media":0,"parent":0,"menu_order":0,"comment_status":"closed","ping_status":"closed","template":"","meta":[],"_links":{"self":[{"href":"http:\/\/adelucas.es\/index.php?rest_route=\/wp\/v2\/pages\/151"}],"collection":[{"href":"http:\/\/adelucas.es\/index.php?rest_route=\/wp\/v2\/pages"}],"about":[{"href":"http:\/\/adelucas.es\/index.php?rest_route=\/wp\/v2\/types\/page"}],"author":[{"embeddable":true,"href":"http:\/\/adelucas.es\/index.php?rest_route=\/wp\/v2\/users\/1"}],"replies":[{"embeddable":true,"href":"http:\/\/adelucas.es\/index.php?rest_route=%2Fwp%2Fv2%2Fcomments&post=151"}],"version-history":[{"count":7,"href":"http:\/\/adelucas.es\/index.php?rest_route=\/wp\/v2\/pages\/151\/revisions"}],"predecessor-version":[{"id":375,"href":"http:\/\/adelucas.es\/index.php?rest_route=\/wp\/v2\/pages\/151\/revisions\/375"}],"wp:attachment":[{"href":"http:\/\/adelucas.es\/index.php?rest_route=%2Fwp%2Fv2%2Fmedia&parent=151"}],"curies":[{"name":"wp","href":"https:\/\/api.w.org\/{rel}","templated":true}]}}