{"id":160,"date":"2019-07-21T17:33:35","date_gmt":"2019-07-21T15:33:35","guid":{"rendered":"http:\/\/adelucas.es\/?page_id=160"},"modified":"2019-07-21T17:39:11","modified_gmt":"2019-07-21T15:39:11","slug":"docencia-universitaria","status":"publish","type":"page","link":"http:\/\/adelucas.es\/?page_id=160","title":{"rendered":"Docencia universitaria"},"content":{"rendered":"\t\t<div data-elementor-type=\"wp-post\" data-elementor-id=\"160\" class=\"elementor elementor-160\">\n\t\t\t\t\t\t<div class=\"elementor-inner\">\n\t\t\t\t<div class=\"elementor-section-wrap\">\n\t\t\t\t\t\t\t\t\t<section class=\"elementor-section elementor-top-section elementor-element elementor-element-1393831 elementor-section-boxed elementor-section-height-default elementor-section-height-default\" data-id=\"1393831\" data-element_type=\"section\">\n\t\t\t\t\t\t<div class=\"elementor-container elementor-column-gap-default\">\n\t\t\t\t\t\t\t<div class=\"elementor-row\">\n\t\t\t\t\t<div class=\"elementor-column elementor-col-100 elementor-top-column elementor-element elementor-element-07ba7b7\" data-id=\"07ba7b7\" data-element_type=\"column\">\n\t\t\t<div class=\"elementor-column-wrap elementor-element-populated\">\n\t\t\t\t\t\t\t<div class=\"elementor-widget-wrap\">\n\t\t\t\t\t\t<div class=\"elementor-element elementor-element-0ff22a3 elementor-widget elementor-widget-text-editor\" data-id=\"0ff22a3\" data-element_type=\"widget\" data-widget_type=\"text-editor.default\">\n\t\t\t\t<div class=\"elementor-widget-container\">\n\t\t\t\t\t\t\t\t<div class=\"elementor-text-editor elementor-clearfix\">\n\t\t\t\t<ul><li><h5>2014-2015: Universidad de Navarra (Facultad de Filosof\u00eda y Letras)<\/h5><p>Cargo: Profesor becario (PIF)<br \/>Funci\u00f3n: Impartir la asignatura titulada \u201cComunicaci\u00f3n oral y escrita\u201d en el grado de Enfermer\u00eda en la Facultad de Enfermer\u00eda.<\/p><\/li><li><h5>2014-2015: Universidad de Navarra (Facultad de Filosof\u00eda y Letras. Centro de Escritura)<\/h5><p>Cargo: Colaborador (PIF)<br \/>Funci\u00f3n: Colaborar con el Centro de Escritura en labores de asesoramiento, diagn\u00f3stico y correcci\u00f3n.<\/p><\/li><li><h5>2013-2014: Universidad de Navarra (Facultad de Filosof\u00eda y Letras)<\/h5><p>Cargo: Profesor becario (PIF)<br \/>Funci\u00f3n: Impartir la asignatura del grupo de \u201cClaves de la cultura actual\u201d, titulada \u201cComunicaci\u00f3n oral y escrita \/ Discurso en el espacio p\u00fablico\u201d, en los grados de Qu\u00edmica, Bioqu\u00edmica y Biolog\u00eda en la Facultad de Ciencias.<\/p><\/li><\/ul><ul><li><h5>2011-2014: Universidad de Navarra (Instituto de Lengua y Cultura Espa\u00f1ola, ILCE)<\/h5><p>Cargo: Profesor becario (PIF)<br \/>Funci\u00f3n: Impartir la asignatura de \u201cEspa\u00f1ol, nivel C1\u201d.<\/p><\/li><\/ul><ul><li><h5>2012-2013: Universidad de Navarra (Facultad de Filosof\u00eda y Letras)<\/h5><p>Cargo: Profesor becario (PIF)<br \/>Funci\u00f3n: Impartir la asignatura del grupo de \u201cClaves de la cultura actual\u201d, titulada \u201cDiscurso en el espacio p\u00fablico\u201d, en la Facultad de Econom\u00eda y en la Facultad de Comunicaci\u00f3n.<\/p><\/li><\/ul><ul><li><h5>2011-2012 Universidad de Navarra (Instituto de Lengua y Cultura Espa\u00f1ola, ILCE)<\/h5><p>Cargo: Profesor<br \/>Funci\u00f3n: Impartir el curso de verano de espa\u00f1ol para la Facultad de Teolog\u00eda.<\/p><\/li><\/ul><ul><li><h5>2011-2012 Universidad de Navarra (Facultad de Filosof\u00eda y Letras)<\/h5><p>Cargo: Profesor becario (PIF)<br \/>Funci\u00f3n: Impartir la asignatura del grupo de \u201cClaves de la cultura actual\u201d, titulada<br \/>\u201cDiscurso en el espacio p\u00fablico\u201d, en los grados de Qu\u00edmica, Bioqu\u00edmica y Biolog\u00eda en la Facultad de Ciencias.<\/p><\/li><\/ul>\t\t\t\t\t<\/div>\n\t\t\t\t\t\t<\/div>\n\t\t\t\t<\/div>\n\t\t\t\t\t\t<\/div>\n\t\t\t\t\t<\/div>\n\t\t<\/div>\n\t\t\t\t\t\t\t\t<\/div>\n\t\t\t\t\t<\/div>\n\t\t<\/section>\n\t\t\t\t\t\t\t\t\t<\/div>\n\t\t\t<\/div>\n\t\t\t\t\t<\/div>\n\t\t","protected":false},"excerpt":{"rendered":"<p>2014-2015: Universidad de Navarra (Facultad de Filosof\u00eda y Letras) Cargo: Profesor becario (PIF)Funci\u00f3n: Impartir la asignatura titulada \u201cComunicaci\u00f3n oral y escrita\u201d en el grado de Enfermer\u00eda en la Facultad de Enfermer\u00eda. 2014-2015: Universidad de Navarra (Facultad de Filosof\u00eda y Letras. Centro de Escritura) Cargo: Colaborador (PIF)Funci\u00f3n: Colaborar con el Centro de Escritura en labores de &#8230;<\/p>\n","protected":false},"author":1,"featured_media":0,"parent":0,"menu_order":0,"comment_status":"closed","ping_status":"closed","template":"","meta":[],"_links":{"self":[{"href":"http:\/\/adelucas.es\/index.php?rest_route=\/wp\/v2\/pages\/160"}],"collection":[{"href":"http:\/\/adelucas.es\/index.php?rest_route=\/wp\/v2\/pages"}],"about":[{"href":"http:\/\/adelucas.es\/index.php?rest_route=\/wp\/v2\/types\/page"}],"author":[{"embeddable":true,"href":"http:\/\/adelucas.es\/index.php?rest_route=\/wp\/v2\/users\/1"}],"replies":[{"embeddable":true,"href":"http:\/\/adelucas.es\/index.php?rest_route=%2Fwp%2Fv2%2Fcomments&post=160"}],"version-history":[{"count":9,"href":"http:\/\/adelucas.es\/index.php?rest_route=\/wp\/v2\/pages\/160\/revisions"}],"predecessor-version":[{"id":170,"href":"http:\/\/adelucas.es\/index.php?rest_route=\/wp\/v2\/pages\/160\/revisions\/170"}],"wp:attachment":[{"href":"http:\/\/adelucas.es\/index.php?rest_route=%2Fwp%2Fv2%2Fmedia&parent=160"}],"curies":[{"name":"wp","href":"https:\/\/api.w.org\/{rel}","templated":true}]}}