{"id":171,"date":"2019-07-21T17:42:23","date_gmt":"2019-07-21T15:42:23","guid":{"rendered":"http:\/\/adelucas.es\/?page_id=171"},"modified":"2019-07-26T18:41:39","modified_gmt":"2019-07-26T16:41:39","slug":"docencia-en-eso-y-bachillerato","status":"publish","type":"page","link":"http:\/\/adelucas.es\/?page_id=171","title":{"rendered":"Docencia en ESO y Bachillerato"},"content":{"rendered":"\t\t<div data-elementor-type=\"wp-post\" data-elementor-id=\"171\" class=\"elementor elementor-171\">\n\t\t\t\t\t\t<div class=\"elementor-inner\">\n\t\t\t\t<div class=\"elementor-section-wrap\">\n\t\t\t\t\t\t\t\t\t<section class=\"elementor-section elementor-top-section elementor-element elementor-element-0b868be elementor-section-boxed elementor-section-height-default elementor-section-height-default\" data-id=\"0b868be\" data-element_type=\"section\">\n\t\t\t\t\t\t<div class=\"elementor-container elementor-column-gap-default\">\n\t\t\t\t\t\t\t<div class=\"elementor-row\">\n\t\t\t\t\t<div class=\"elementor-column elementor-col-100 elementor-top-column elementor-element elementor-element-9d8e0fe\" data-id=\"9d8e0fe\" data-element_type=\"column\">\n\t\t\t<div class=\"elementor-column-wrap elementor-element-populated\">\n\t\t\t\t\t\t\t<div class=\"elementor-widget-wrap\">\n\t\t\t\t\t\t<div class=\"elementor-element elementor-element-dbf01a9 elementor-widget elementor-widget-text-editor\" data-id=\"dbf01a9\" data-element_type=\"widget\" data-widget_type=\"text-editor.default\">\n\t\t\t\t<div class=\"elementor-widget-container\">\n\t\t\t\t\t\t\t\t<div class=\"elementor-text-editor elementor-clearfix\">\n\t\t\t\t<ul><li><h5>2018-2019: <a href=\"https:\/\/www.fomento.edu\/elvedat\/\">Colegio de Fomento El Vedat (centro concertado)<\/a><\/h5><p>Cargo: Director del Departamento de Humanidades.<br \/>Funci\u00f3n: Dirigir y coordinar a los profesores de materias de Humanidades.<\/p><\/li><li><h5>2015-2019: <a href=\"https:\/\/www.fomento.edu\/elvedat\/\">Colegio de Fomento El Vedat (centro concertado)<\/a><\/h5><p>Cargo: Profesor de Lengua castellana y Literatura desde 3\u00ba ESO hasta 2\u00ba Bach.<br \/>Funci\u00f3n: Ense\u00f1anza de la materia y educaci\u00f3n de los alumnos en colaboraci\u00f3n con los padres.<\/p><\/li><li><h5>2011-2013 <a href=\"https:\/\/www.irabia-izaga.org\/\">Asociaci\u00f3n educativa del Colegio Irabia-Izaga<\/a><\/h5><p>Cargo: Coordinador en el colegio del Programa Universitario Excellence para alumnos de Bachillerato [<a href=\"http:\/\/www.unav.es\/centro\/programaexcellence\/\">http:\/\/www.unav.es\/centro\/programaexcellence\/<\/a>]<br \/>Funci\u00f3n: Coordinar las actividades y sesiones del programa. Dirigir los trabajos de investigaci\u00f3n de los alumnos<\/p><\/li><li><h5>2010-2011 <a href=\"https:\/\/www.irabia-izaga.org\/\">Asociaci\u00f3n educativa del Colegio Irabia-Izaga<\/a><\/h5><p>Cargo: Profesor de Lengua castellana y Literatura de 1\u00ba de ESO y de refuerzo de la misma asignatura en 6\u00ba de Primaria.<br \/>Funci\u00f3n: Ense\u00f1anza de la materia y educaci\u00f3n de los alumnos en colaboraci\u00f3n con los<br \/>padres.<\/p><\/li><li><h5>2009-2010 <a href=\"https:\/\/www.fomento.edu\/monteagudo\/\">Colegio de Fomento Monteagudo (centro concertado)<\/a><\/h5><p>Cargo: Profesor de Lengua castellana y Literatura. Profesor Encargado de Curso de 1\u00ba de ESO (PEC\/tutor).<br \/>Funci\u00f3n: Ense\u00f1anza de la materia y educaci\u00f3n de los alumnos en colaboraci\u00f3n con los padres.<\/p><\/li><\/ul>\t\t\t\t\t<\/div>\n\t\t\t\t\t\t<\/div>\n\t\t\t\t<\/div>\n\t\t\t\t\t\t<\/div>\n\t\t\t\t\t<\/div>\n\t\t<\/div>\n\t\t\t\t\t\t\t\t<\/div>\n\t\t\t\t\t<\/div>\n\t\t<\/section>\n\t\t\t\t\t\t\t\t\t<\/div>\n\t\t\t<\/div>\n\t\t\t\t\t<\/div>\n\t\t","protected":false},"excerpt":{"rendered":"<p>2018-2019: Colegio de Fomento El Vedat (centro concertado) Cargo: Director del Departamento de Humanidades.Funci\u00f3n: Dirigir y coordinar a los profesores de materias de Humanidades. 2015-2019: Colegio de Fomento El Vedat (centro concertado) Cargo: Profesor de Lengua castellana y Literatura desde 3\u00ba ESO hasta 2\u00ba Bach.Funci\u00f3n: Ense\u00f1anza de la materia y educaci\u00f3n de los alumnos en &#8230;<\/p>\n","protected":false},"author":1,"featured_media":0,"parent":0,"menu_order":0,"comment_status":"closed","ping_status":"closed","template":"","meta":[],"_links":{"self":[{"href":"http:\/\/adelucas.es\/index.php?rest_route=\/wp\/v2\/pages\/171"}],"collection":[{"href":"http:\/\/adelucas.es\/index.php?rest_route=\/wp\/v2\/pages"}],"about":[{"href":"http:\/\/adelucas.es\/index.php?rest_route=\/wp\/v2\/types\/page"}],"author":[{"embeddable":true,"href":"http:\/\/adelucas.es\/index.php?rest_route=\/wp\/v2\/users\/1"}],"replies":[{"embeddable":true,"href":"http:\/\/adelucas.es\/index.php?rest_route=%2Fwp%2Fv2%2Fcomments&post=171"}],"version-history":[{"count":5,"href":"http:\/\/adelucas.es\/index.php?rest_route=\/wp\/v2\/pages\/171\/revisions"}],"predecessor-version":[{"id":243,"href":"http:\/\/adelucas.es\/index.php?rest_route=\/wp\/v2\/pages\/171\/revisions\/243"}],"wp:attachment":[{"href":"http:\/\/adelucas.es\/index.php?rest_route=%2Fwp%2Fv2%2Fmedia&parent=171"}],"curies":[{"name":"wp","href":"https:\/\/api.w.org\/{rel}","templated":true}]}}