{"id":176,"date":"2019-07-21T17:58:57","date_gmt":"2019-07-21T15:58:57","guid":{"rendered":"http:\/\/adelucas.es\/?page_id=176"},"modified":"2019-07-21T18:13:13","modified_gmt":"2019-07-21T16:13:13","slug":"formacion","status":"publish","type":"page","link":"http:\/\/adelucas.es\/?page_id=176","title":{"rendered":"Formaci\u00f3n acad\u00e9mica"},"content":{"rendered":"\t\t<div data-elementor-type=\"wp-post\" data-elementor-id=\"176\" class=\"elementor elementor-176\">\n\t\t\t\t\t\t<div class=\"elementor-inner\">\n\t\t\t\t<div class=\"elementor-section-wrap\">\n\t\t\t\t\t\t\t\t\t<section class=\"elementor-section elementor-top-section elementor-element elementor-element-22afb96 elementor-section-boxed elementor-section-height-default elementor-section-height-default\" data-id=\"22afb96\" data-element_type=\"section\">\n\t\t\t\t\t\t<div class=\"elementor-container elementor-column-gap-default\">\n\t\t\t\t\t\t\t<div class=\"elementor-row\">\n\t\t\t\t\t<div class=\"elementor-column elementor-col-100 elementor-top-column elementor-element elementor-element-860542d\" data-id=\"860542d\" data-element_type=\"column\">\n\t\t\t<div class=\"elementor-column-wrap elementor-element-populated\">\n\t\t\t\t\t\t\t<div class=\"elementor-widget-wrap\">\n\t\t\t\t\t\t<div class=\"elementor-element elementor-element-dddb12f elementor-widget elementor-widget-text-editor\" data-id=\"dddb12f\" data-element_type=\"widget\" data-widget_type=\"text-editor.default\">\n\t\t\t\t<div class=\"elementor-widget-container\">\n\t\t\t\t\t\t\t\t<div class=\"elementor-text-editor elementor-clearfix\">\n\t\t\t\t<ul><li><h5>Doctor en Arte y Humanidades, especialista en Ling\u00fc\u00edstica (posgrado)<\/h5><a href=\"http:\/\/adelucas.es\/?page_id=126\">Tesis: <em>Polifon\u00eda y Argumentaci\u00f3n: Estrategias de Introducci\u00f3n de Discurso Ajeno en un Corpus de Prensa Espa\u00f1ola Actual.<\/em> <\/a>Dirigida por el Dr. D. Manuel Casado Velarde y defendida el 20 de diciembre de 2017 en la Universidad de Navarra, obteniendo la calificaci\u00f3n de Sobresaliente <em>Cum Laude<\/em>.<\/li><\/ul><p>\u00a0<\/p><ul><li><h5>Estancia de investigaci\u00f3n predoctoral.<\/h5>Departamento de Lengua Espa\u00f1ola y Ling\u00fc\u00edstica General, Universidad de Murcia.<br \/>Curso 2014\/2015 (enero-junio).<\/li><\/ul><p>\u00a0<\/p><ul><li><h5>First Certificate in English (Nivel B2 del MCER)<\/h5>University of Cambridge. Resultado 77\/100. 2014.<\/li><\/ul><p>\u00a0<\/p><ul><li><h5>Curso de ingl\u00e9s general, nivel B2 del MCER<\/h5>Instituto de idiomas de la Universidad de Navarra. 2013-2014.<\/li><\/ul><p>\u00a0<\/p><ul><li><h5>Jornada de formaci\u00f3n de profesores de E\/LE<\/h5>Universidad de Navarra y Editorial Edinumen. 2014.<\/li><\/ul><p>\u00a0<\/p><ul><li><h5>Estancia de investigaci\u00f3n predoctoral.<\/h5>Centre for Advanced Research in English (CARE), University of Birmingham. Curso<br \/>2012\/2013 (septiembre-diciembre)<\/li><\/ul><p>\u00a0<\/p><ul><li><h5>M\u00e1ster Universitario en Espa\u00f1ol e Ingl\u00e9s como Lenguas Extranjeras y Nuevas Lenguas. Especialidad: espa\u00f1ol<\/h5>Defensa del Trabajo Fin de M\u00e1ster (TFM) \u201cLa funci\u00f3n evaluativa en los verbos<br \/>introductores de cita. Estudio y propuesta did\u00e1ctica\u201d. Sobresaliente. Universidad de Navarra. Curso 2010 \/2011.<\/li><\/ul><p>\u00a0<\/p><ul><li><h5>Certificado de Aptitud Pedag\u00f3gica (CAP)<\/h5>Universidad Alfonso X en colaboraci\u00f3n con el Instituto Canario de Estudios Superiores (ICSE). 2009.<\/li><\/ul><p>\u00a0<\/p><ul><li><h5>Licenciado en Filolog\u00eda Hisp\u00e1nica<\/h5>Universidad de Murcia, 2009. Nota media del expediente acad\u00e9mico: 9,0 (seg\u00fan Baremo del MEC). 12 Matr\u00edculas de Honor.<\/li><\/ul><p>\u00a0<\/p><ul><li><h5>Alumno Interno<\/h5>4 a\u00f1os de formaci\u00f3n como alumno interno del departamento de Literatura Espa\u00f1ola,<br \/>Teor\u00eda de la Literatura y Literatura comparada de la Universidad de Murcia.<br \/>\uf0b7 1 a\u00f1o a cargo de la profesora Dra. Sagrario Ruiz Ba\u00f1os.<br \/>\uf0b7 1a\u00f1o a cargo del profesor Dr. Manuel Mart\u00ednez Arnaldos.<br \/>\uf0b7 2 a\u00f1os a cargo del profesor Dr. Jos\u00e9 Mar\u00eda Pozuelo Yvancos.<\/li><\/ul><p>\u00a0<\/p><ul><li><h5>Curso de inmersi\u00f3n ling\u00fc\u00edstica en ingl\u00e9s.<\/h5>Nivel intermedio 1, equivalente al B1 plus del Marco Com\u00fan Europeo de Referencia<br \/>para las lenguas (MCER). Universidad Internacional Men\u00e9ndez Pelayo en colaboraci\u00f3n con el Ministerio de Educaci\u00f3n y la empresa Vaughan Systems. Curso 2008\/2009.<\/li><\/ul><p>\u00a0<\/p><ul><li><h5>Certificado de participaci\u00f3n con aprovechamiento en los siguientes cursos impartidos en la Universidad de Murcia (2004-2009):<\/h5>IV Curso de Poes\u00eda: Taller de escritura. La creaci\u00f3n literaria.<br \/>V Curso de Poes\u00eda: Taller de escritura. Poes\u00eda y narrativa.<br \/>La modernidad del Quijote.<\/li><\/ul><p>\u00a0<\/p><ul><li><h5>Bachillerato de Humanidades<\/h5>Matr\u00edcula de Honor en Bachillerato y nota de 9,26 en las pruebas de acceso a la Universidad de Murcia (Selectividad)<\/li><\/ul>\t\t\t\t\t<\/div>\n\t\t\t\t\t\t<\/div>\n\t\t\t\t<\/div>\n\t\t\t\t\t\t<\/div>\n\t\t\t\t\t<\/div>\n\t\t<\/div>\n\t\t\t\t\t\t\t\t<\/div>\n\t\t\t\t\t<\/div>\n\t\t<\/section>\n\t\t\t\t\t\t\t\t\t<\/div>\n\t\t\t<\/div>\n\t\t\t\t\t<\/div>\n\t\t","protected":false},"excerpt":{"rendered":"<p>Doctor en Arte y Humanidades, especialista en Ling\u00fc\u00edstica (posgrado) Tesis: Polifon\u00eda y Argumentaci\u00f3n: Estrategias de Introducci\u00f3n de Discurso Ajeno en un Corpus de Prensa Espa\u00f1ola Actual. Dirigida por el Dr. D. Manuel Casado Velarde y defendida el 20 de diciembre de 2017 en la Universidad de Navarra, obteniendo la calificaci\u00f3n de Sobresaliente Cum Laude. Estancia &#8230;<\/p>\n","protected":false},"author":1,"featured_media":0,"parent":0,"menu_order":0,"comment_status":"closed","ping_status":"closed","template":"","meta":[],"_links":{"self":[{"href":"http:\/\/adelucas.es\/index.php?rest_route=\/wp\/v2\/pages\/176"}],"collection":[{"href":"http:\/\/adelucas.es\/index.php?rest_route=\/wp\/v2\/pages"}],"about":[{"href":"http:\/\/adelucas.es\/index.php?rest_route=\/wp\/v2\/types\/page"}],"author":[{"embeddable":true,"href":"http:\/\/adelucas.es\/index.php?rest_route=\/wp\/v2\/users\/1"}],"replies":[{"embeddable":true,"href":"http:\/\/adelucas.es\/index.php?rest_route=%2Fwp%2Fv2%2Fcomments&post=176"}],"version-history":[{"count":5,"href":"http:\/\/adelucas.es\/index.php?rest_route=\/wp\/v2\/pages\/176\/revisions"}],"predecessor-version":[{"id":182,"href":"http:\/\/adelucas.es\/index.php?rest_route=\/wp\/v2\/pages\/176\/revisions\/182"}],"wp:attachment":[{"href":"http:\/\/adelucas.es\/index.php?rest_route=%2Fwp%2Fv2%2Fmedia&parent=176"}],"curies":[{"name":"wp","href":"https:\/\/api.w.org\/{rel}","templated":true}]}}