{"id":183,"date":"2019-07-21T18:13:51","date_gmt":"2019-07-21T16:13:51","guid":{"rendered":"http:\/\/adelucas.es\/?page_id=183"},"modified":"2019-07-21T18:20:33","modified_gmt":"2019-07-21T16:20:33","slug":"becas-y-ayudas-recibidas","status":"publish","type":"page","link":"http:\/\/adelucas.es\/?page_id=183","title":{"rendered":"Becas y ayudas recibidas"},"content":{"rendered":"\t\t<div data-elementor-type=\"wp-post\" data-elementor-id=\"183\" class=\"elementor elementor-183\">\n\t\t\t\t\t\t<div class=\"elementor-inner\">\n\t\t\t\t<div class=\"elementor-section-wrap\">\n\t\t\t\t\t\t\t\t\t<section class=\"elementor-section elementor-top-section elementor-element elementor-element-a93f084 elementor-section-boxed elementor-section-height-default elementor-section-height-default\" data-id=\"a93f084\" data-element_type=\"section\">\n\t\t\t\t\t\t<div class=\"elementor-container elementor-column-gap-default\">\n\t\t\t\t\t\t\t<div class=\"elementor-row\">\n\t\t\t\t\t<div class=\"elementor-column elementor-col-100 elementor-top-column elementor-element elementor-element-551ff2c\" data-id=\"551ff2c\" data-element_type=\"column\">\n\t\t\t<div class=\"elementor-column-wrap elementor-element-populated\">\n\t\t\t\t\t\t\t<div class=\"elementor-widget-wrap\">\n\t\t\t\t\t\t<div class=\"elementor-element elementor-element-ab3084a elementor-widget elementor-widget-text-editor\" data-id=\"ab3084a\" data-element_type=\"widget\" data-widget_type=\"text-editor.default\">\n\t\t\t\t<div class=\"elementor-widget-container\">\n\t\t\t\t\t\t\t\t<div class=\"elementor-text-editor elementor-clearfix\">\n\t\t\t\t<ul><li><h5>Ayuda adscrita a proyecto de investigaci\u00f3n<\/h5>Universidad de Navarra, Instituto Cultura y Sociedad (ICS), dentro del proyecto \u201cEl<br \/>discurso p\u00fablico: estrategias persuasivas y de interpretaci\u00f3n\u201d. 2012\/ 2015.<\/li><\/ul><p>\u00a0<\/p><ul><li><h5>Beca Erasmus para estudiantes de posgrado<\/h5>Programa europeo Erasmus y Universidad de Navarra. Curso 2012\/2013.<\/li><\/ul><p>\u00a0<\/p><ul><li><h5>Beca F\u00f3rmula Santander<\/h5>Banco Santander. Curso 2012\/2013.<br \/>Beca de Personal Investigador en Formaci\u00f3n (PIF)<br \/>Asociaci\u00f3n de Amigos de la Universidad de Navarra. Curso 2011\/2012. Sustituida<br \/>en septiembre por la ayuda adscrita a proyecto del ICS.<\/li><\/ul><p>\u00a0<\/p><ul><li><h5>Beneficiario del Programa de Incentivaci\u00f3n para la realizaci\u00f3n de Tesis Doctorales<\/h5><p>Universidad de Navarra.<\/p><\/li><\/ul><p>\u00a0<\/p><ul><li><h5>Beca M\u00e1ster<\/h5>Asociaci\u00f3n de Amigos de la Universidad de Navarra. Curso 2010\/2011.<\/li><\/ul><p>\u00a0<\/p><ul><li><h5>Beca de Formaci\u00f3n de profesor en pr\u00e1cticas<\/h5>Fundaci\u00f3n INTES. Colegio de Fomento Monteagudo. Curso 2008\/ 2009.<\/li><\/ul><p>\u00a0<\/p><ul><li><h5>Beca de Colaboraci\u00f3n<\/h5>Beca de Colaboraci\u00f3n concedida mediante concurso de expediente por el Ministerio<br \/>de Educaci\u00f3n, en el Departamento de Literatura Espa\u00f1ola, Teor\u00eda de la Literatura y Literatura Comparada de la Universidad de Murcia, dirigido por el profesor Dr. Jos\u00e9 Mar\u00eda Pozuelo Yvancos.<br \/>Curso 2008\/2009.<\/li><\/ul>\t\t\t\t\t<\/div>\n\t\t\t\t\t\t<\/div>\n\t\t\t\t<\/div>\n\t\t\t\t\t\t<\/div>\n\t\t\t\t\t<\/div>\n\t\t<\/div>\n\t\t\t\t\t\t\t\t<\/div>\n\t\t\t\t\t<\/div>\n\t\t<\/section>\n\t\t\t\t\t\t\t\t\t<\/div>\n\t\t\t<\/div>\n\t\t\t\t\t<\/div>\n\t\t","protected":false},"excerpt":{"rendered":"<p>Ayuda adscrita a proyecto de investigaci\u00f3n Universidad de Navarra, Instituto Cultura y Sociedad (ICS), dentro del proyecto \u201cEldiscurso p\u00fablico: estrategias persuasivas y de interpretaci\u00f3n\u201d. 2012\/ 2015. \u00a0 Beca Erasmus para estudiantes de posgrado Programa europeo Erasmus y Universidad de Navarra. Curso 2012\/2013. \u00a0 Beca F\u00f3rmula Santander Banco Santander. Curso 2012\/2013.Beca de Personal Investigador en Formaci\u00f3n &#8230;<\/p>\n","protected":false},"author":1,"featured_media":0,"parent":0,"menu_order":0,"comment_status":"closed","ping_status":"closed","template":"","meta":[],"_links":{"self":[{"href":"http:\/\/adelucas.es\/index.php?rest_route=\/wp\/v2\/pages\/183"}],"collection":[{"href":"http:\/\/adelucas.es\/index.php?rest_route=\/wp\/v2\/pages"}],"about":[{"href":"http:\/\/adelucas.es\/index.php?rest_route=\/wp\/v2\/types\/page"}],"author":[{"embeddable":true,"href":"http:\/\/adelucas.es\/index.php?rest_route=\/wp\/v2\/users\/1"}],"replies":[{"embeddable":true,"href":"http:\/\/adelucas.es\/index.php?rest_route=%2Fwp%2Fv2%2Fcomments&post=183"}],"version-history":[{"count":3,"href":"http:\/\/adelucas.es\/index.php?rest_route=\/wp\/v2\/pages\/183\/revisions"}],"predecessor-version":[{"id":187,"href":"http:\/\/adelucas.es\/index.php?rest_route=\/wp\/v2\/pages\/183\/revisions\/187"}],"wp:attachment":[{"href":"http:\/\/adelucas.es\/index.php?rest_route=%2Fwp%2Fv2%2Fmedia&parent=183"}],"curies":[{"name":"wp","href":"https:\/\/api.w.org\/{rel}","templated":true}]}}