{"id":406,"date":"2020-07-30T11:33:18","date_gmt":"2020-07-30T09:33:18","guid":{"rendered":"http:\/\/adelucas.es\/?page_id=406"},"modified":"2020-12-18T03:42:33","modified_gmt":"2020-12-18T01:42:33","slug":"articulos-y-entrevistas-de-divulgacion","status":"publish","type":"page","link":"http:\/\/adelucas.es\/?page_id=406","title":{"rendered":"Art\u00edculos y entrevistas de divulgaci\u00f3n"},"content":{"rendered":"\t\t<div data-elementor-type=\"wp-post\" data-elementor-id=\"406\" class=\"elementor elementor-406\">\n\t\t\t\t\t\t<div class=\"elementor-inner\">\n\t\t\t\t<div class=\"elementor-section-wrap\">\n\t\t\t\t\t\t\t\t\t<section class=\"elementor-section elementor-top-section elementor-element elementor-element-83724e2 elementor-section-boxed elementor-section-height-default elementor-section-height-default\" data-id=\"83724e2\" data-element_type=\"section\">\n\t\t\t\t\t\t<div class=\"elementor-container elementor-column-gap-default\">\n\t\t\t\t\t\t\t<div class=\"elementor-row\">\n\t\t\t\t\t<div class=\"elementor-column elementor-col-100 elementor-top-column elementor-element elementor-element-dfda3f4\" data-id=\"dfda3f4\" data-element_type=\"column\">\n\t\t\t<div class=\"elementor-column-wrap elementor-element-populated\">\n\t\t\t\t\t\t\t<div class=\"elementor-widget-wrap\">\n\t\t\t\t\t\t<div class=\"elementor-element elementor-element-fbec3f4 elementor-widget elementor-widget-text-editor\" data-id=\"fbec3f4\" data-element_type=\"widget\" data-widget_type=\"text-editor.default\">\n\t\t\t\t<div class=\"elementor-widget-container\">\n\t\t\t\t\t\t\t\t<div class=\"elementor-text-editor elementor-clearfix\">\n\t\t\t\t<h6><i>Nueva Revista<\/i> (22\/07\/2020):<\/h6><h4 style=\"text-align: center;\"><a href=\"https:\/\/www.nuevarevista.net\/libertad-expresion\/debate-politico-y-lenguaje-el-control-parental\/\" target=\"_blank\" rel=\"noopener\">&#8220;Debate pol\u00edtico y lenguaje: el control parental&#8221;<\/a><\/h4><p><a style=\"color: #993366;\" href=\"https:\/\/www.nuevarevista.net\/libertad-expresion\/debate-politico-y-lenguaje-el-control-parental\/\"><img decoding=\"async\" loading=\"lazy\" class=\"aligncenter wp-image-62\" src=\"http:\/\/adelucas.es\/wp-content\/uploads\/2019\/07\/ir-a-web-150x150.png\" alt=\"\" width=\"85\" height=\"85\" srcset=\"http:\/\/adelucas.es\/wp-content\/uploads\/2019\/07\/ir-a-web-150x150.png 150w, http:\/\/adelucas.es\/wp-content\/uploads\/2019\/07\/ir-a-web.png 225w\" sizes=\"(max-width: 85px) 100vw, 85px\" \/><\/a><\/p><h6><i>Nueva Revista<\/i> (22\/07\/2020):<\/h6><h4 style=\"text-align: center;\"><a href=\"https:\/\/www.nuevarevista.net\/destacados\/la-cultura-espanola-tambien-reclama-libertad-de-expresion\/\">\u201cLa cultura espa\u00f1ola tambi\u00e9n reclama libertad de expresi\u00f3n\u201d<\/a><\/h4><p><a style=\"color: #993366;\" href=\"https:\/\/www.nuevarevista.net\/destacados\/la-cultura-espanola-tambien-reclama-libertad-de-expresion\/\"><img decoding=\"async\" loading=\"lazy\" class=\"aligncenter wp-image-62\" src=\"http:\/\/adelucas.es\/wp-content\/uploads\/2019\/07\/ir-a-web-150x150.png\" alt=\"\" width=\"85\" height=\"85\" srcset=\"http:\/\/adelucas.es\/wp-content\/uploads\/2019\/07\/ir-a-web-150x150.png 150w, http:\/\/adelucas.es\/wp-content\/uploads\/2019\/07\/ir-a-web.png 225w\" sizes=\"(max-width: 85px) 100vw, 85px\" \/><\/a><\/p><h6><i>Nueva Revista<\/i> (13\/07\/2020):<\/h6><h4 style=\"text-align: center;\"><a href=\"https:\/\/www.nuevarevista.net\/destacados\/cuando-la-cultura-pide-libertad-de-expresion-el-caso-de-la-carta-en-harpers\/\">\u201cCuando la cultura pide libertad de expresi\u00f3n: carta abierta en <em>Harper\u2019s<\/em>\u201d<\/a><\/h4><p><a style=\"color: #993366;\" href=\"https:\/\/www.nuevarevista.net\/destacados\/cuando-la-cultura-pide-libertad-de-expresion-el-caso-de-la-carta-en-harpers\/\"><img decoding=\"async\" loading=\"lazy\" class=\"aligncenter wp-image-62\" src=\"http:\/\/adelucas.es\/wp-content\/uploads\/2019\/07\/ir-a-web-150x150.png\" alt=\"\" width=\"85\" height=\"85\" srcset=\"http:\/\/adelucas.es\/wp-content\/uploads\/2019\/07\/ir-a-web-150x150.png 150w, http:\/\/adelucas.es\/wp-content\/uploads\/2019\/07\/ir-a-web.png 225w\" sizes=\"(max-width: 85px) 100vw, 85px\" \/><\/a><\/p><h6><em>Nueva Revista<\/em> (06\/04\/2020):<\/h6><h4 style=\"text-align: center;\"><a href=\"https:\/\/www.nuevarevista.net\/libertad-expresion\/alfonso-galdon-el-pin-parental-ha-de-pedirse-solo-para-charlas-que-puedan-suponer-adoctrinamiento\/\">Entrevista a Alfonso Gald\u00f3n (impulsor del PIN parental)<\/a><\/h4><p><a style=\"color: #993366;\" href=\"https:\/\/www.nuevarevista.net\/libertad-expresion\/alfonso-galdon-el-pin-parental-ha-de-pedirse-solo-para-charlas-que-puedan-suponer-adoctrinamiento\/\"><img decoding=\"async\" loading=\"lazy\" class=\"aligncenter wp-image-62\" src=\"http:\/\/adelucas.es\/wp-content\/uploads\/2019\/07\/ir-a-web-150x150.png\" alt=\"\" width=\"85\" height=\"85\" srcset=\"http:\/\/adelucas.es\/wp-content\/uploads\/2019\/07\/ir-a-web-150x150.png 150w, http:\/\/adelucas.es\/wp-content\/uploads\/2019\/07\/ir-a-web.png 225w\" sizes=\"(max-width: 85px) 100vw, 85px\" \/><\/a><\/p><h6><i>Nueva Revista<\/i> (21\/02\/2020):<\/h6><h4 style=\"text-align: center;\"><a href=\"https:\/\/www.nuevarevista.net\/libertad-expresion\/libertad-de-expresion-en-la-educacion-encuadre-del-debate-sobre-el-pin-parental-y-otros\/\">\u201cLibertad de expresi\u00f3n en la educaci\u00f3n: encuadre del debate sobre el PIN parental y otros\u201d<\/a><\/h4><p><a style=\"color: #993366;\" href=\"https:\/\/www.nuevarevista.net\/libertad-expresion\/libertad-de-expresion-en-la-educacion-encuadre-del-debate-sobre-el-pin-parental-y-otros\/\"><img decoding=\"async\" loading=\"lazy\" class=\"aligncenter wp-image-62\" src=\"http:\/\/adelucas.es\/wp-content\/uploads\/2019\/07\/ir-a-web-150x150.png\" alt=\"\" width=\"85\" height=\"85\" srcset=\"http:\/\/adelucas.es\/wp-content\/uploads\/2019\/07\/ir-a-web-150x150.png 150w, http:\/\/adelucas.es\/wp-content\/uploads\/2019\/07\/ir-a-web.png 225w\" sizes=\"(max-width: 85px) 100vw, 85px\" \/><\/a><\/p><h6><em>Nueva Revista <\/em>(04\/02\/2020):<\/h6><h6><a href=\"https:\/\/www.nuevarevista.net\/destacados\/fernandez-armesto-y-la-libertad-de-expresion-prefiero-hablar-de-la-obligacion-de-decir-lo-que-piensas\/\">Entrevista a Felipe Fern\u00e1ndez-Armesto, realizada con Mar\u00eda Mart\u00ednez Orbegozo<\/a><\/h6><p><a style=\"color: #993366;\" href=\"https:\/\/www.nuevarevista.net\/destacados\/fernandez-armesto-y-la-libertad-de-expresion-prefiero-hablar-de-la-obligacion-de-decir-lo-que-piensas\/\"><img decoding=\"async\" loading=\"lazy\" class=\"aligncenter wp-image-62\" src=\"http:\/\/adelucas.es\/wp-content\/uploads\/2019\/07\/ir-a-web-150x150.png\" alt=\"\" width=\"85\" height=\"85\" srcset=\"http:\/\/adelucas.es\/wp-content\/uploads\/2019\/07\/ir-a-web-150x150.png 150w, http:\/\/adelucas.es\/wp-content\/uploads\/2019\/07\/ir-a-web.png 225w\" sizes=\"(max-width: 85px) 100vw, 85px\" \/><\/a><\/p>\t\t\t\t\t<\/div>\n\t\t\t\t\t\t<\/div>\n\t\t\t\t<\/div>\n\t\t\t\t\t\t<\/div>\n\t\t\t\t\t<\/div>\n\t\t<\/div>\n\t\t\t\t\t\t\t\t<\/div>\n\t\t\t\t\t<\/div>\n\t\t<\/section>\n\t\t\t\t\t\t\t\t\t<\/div>\n\t\t\t<\/div>\n\t\t\t\t\t<\/div>\n\t\t","protected":false},"excerpt":{"rendered":"<p>Nueva Revista (22\/07\/2020): &#8220;Debate pol\u00edtico y lenguaje: el control parental&#8221; Nueva Revista (22\/07\/2020): \u201cLa cultura espa\u00f1ola tambi\u00e9n reclama libertad de expresi\u00f3n\u201d Nueva Revista (13\/07\/2020): \u201cCuando la cultura pide libertad de expresi\u00f3n: carta abierta en Harper\u2019s\u201d Nueva Revista (06\/04\/2020): Entrevista a Alfonso Gald\u00f3n (impulsor del PIN parental) Nueva Revista (21\/02\/2020): \u201cLibertad de expresi\u00f3n en la educaci\u00f3n: &#8230;<\/p>\n","protected":false},"author":1,"featured_media":0,"parent":0,"menu_order":0,"comment_status":"closed","ping_status":"closed","template":"","meta":[],"_links":{"self":[{"href":"http:\/\/adelucas.es\/index.php?rest_route=\/wp\/v2\/pages\/406"}],"collection":[{"href":"http:\/\/adelucas.es\/index.php?rest_route=\/wp\/v2\/pages"}],"about":[{"href":"http:\/\/adelucas.es\/index.php?rest_route=\/wp\/v2\/types\/page"}],"author":[{"embeddable":true,"href":"http:\/\/adelucas.es\/index.php?rest_route=\/wp\/v2\/users\/1"}],"replies":[{"embeddable":true,"href":"http:\/\/adelucas.es\/index.php?rest_route=%2Fwp%2Fv2%2Fcomments&post=406"}],"version-history":[{"count":9,"href":"http:\/\/adelucas.es\/index.php?rest_route=\/wp\/v2\/pages\/406\/revisions"}],"predecessor-version":[{"id":475,"href":"http:\/\/adelucas.es\/index.php?rest_route=\/wp\/v2\/pages\/406\/revisions\/475"}],"wp:attachment":[{"href":"http:\/\/adelucas.es\/index.php?rest_route=%2Fwp%2Fv2%2Fmedia&parent=406"}],"curies":[{"name":"wp","href":"https:\/\/api.w.org\/{rel}","templated":true}]}}