{"id":444,"date":"2020-12-15T18:04:20","date_gmt":"2020-12-15T16:04:20","guid":{"rendered":"http:\/\/adelucas.es\/?page_id=444"},"modified":"2023-04-24T13:08:53","modified_gmt":"2023-04-24T11:08:53","slug":"opiniones-de-los-lectores","status":"publish","type":"page","link":"http:\/\/adelucas.es\/?page_id=444","title":{"rendered":"Opiniones de los lectores"},"content":{"rendered":"\t\t<div data-elementor-type=\"wp-post\" data-elementor-id=\"444\" class=\"elementor elementor-444\">\n\t\t\t\t\t\t<div class=\"elementor-inner\">\n\t\t\t\t<div class=\"elementor-section-wrap\">\n\t\t\t\t\t\t\t\t\t<section class=\"elementor-section elementor-top-section elementor-element elementor-element-70087eb elementor-section-boxed elementor-section-height-default elementor-section-height-default\" data-id=\"70087eb\" data-element_type=\"section\">\n\t\t\t\t\t\t<div class=\"elementor-container elementor-column-gap-default\">\n\t\t\t\t\t\t\t<div class=\"elementor-row\">\n\t\t\t\t\t<div class=\"elementor-column elementor-col-100 elementor-top-column elementor-element elementor-element-36a55c4\" data-id=\"36a55c4\" data-element_type=\"column\">\n\t\t\t<div class=\"elementor-column-wrap elementor-element-populated\">\n\t\t\t\t\t\t\t<div class=\"elementor-widget-wrap\">\n\t\t\t\t\t\t<div class=\"elementor-element elementor-element-8df6c79 elementor-widget elementor-widget-text-editor\" data-id=\"8df6c79\" data-element_type=\"widget\" data-widget_type=\"text-editor.default\">\n\t\t\t\t<div class=\"elementor-widget-container\">\n\t\t\t\t\t\t\t\t<div class=\"elementor-text-editor elementor-clearfix\">\n\t\t\t\t<p>Rese\u00f1a en Amazon:<\/p><p><img decoding=\"async\" loading=\"lazy\" class=\"aligncenter wp-image-878\" src=\"http:\/\/adelucas.es\/wp-content\/uploads\/2023\/04\/Resena-Amazon-1.jpg\" alt=\"\" width=\"588\" height=\"343\" srcset=\"http:\/\/adelucas.es\/wp-content\/uploads\/2023\/04\/Resena-Amazon-1.jpg 688w, http:\/\/adelucas.es\/wp-content\/uploads\/2023\/04\/Resena-Amazon-1-300x175.jpg 300w\" sizes=\"(max-width: 588px) 100vw, 588px\" \/><\/p><hr \/><p style=\"text-align: center;\">&#8220;Te reitero la magn\u00edfica impresi\u00f3n que me caus\u00f3 tu novela: gran intensidad emocional, mucha poes\u00eda de la buena, mucha verdad, iron\u00eda, gui\u00f1os cultos, buen pulso narrativo. Y, sobre todo, la apoteosis de la polifon\u00eda: un muestrario ideal para una tesis. Qu\u00e9 dominio de los estilos de cita. Creo que innovas y te inventas algunos nuevos, que la teor\u00eda literaria futura habr\u00e1 de tener en cuenta \ud83d\ude09 . L\u00e1stima que no tenga yo una columna de cr\u00edtica en alguna revista de referencia&#8230;&#8221;. M. C. V.<\/p><hr \/><p style=\"text-align: center;\">&#8220;<em>Entre Par\u00eds y La Habana<\/em> de Alberto de Lucas Vicente, es una novela que presenta la historia de dos protagonistas en apariencia dispares: Jean-Paul, un pintor impresionista obsesionado con plasmar en im\u00e1genes su sensibilidad art\u00edstica, y un inexperto poeta llamado Garc\u00edn, que encuentra s\u00fabitamente en la joven Carmen la m\u00fasica de su pensamiento. En torno al fuerte v\u00ednculo que une la pintura y la poes\u00eda giran estas dos historias que se interrelacionan misteriosamente en tiempos y lugares distintos.<\/p><p style=\"text-align: center;\">En esta obra el autor muestra una especial habilidad narrativa al entremezclar el registro culto y el coloquial, consiguiendo as\u00ed una tonalidad ir\u00f3nica, muchas veces humor\u00edstica, que es una de las delicias de la lectura. De hecho la novela se disfruta tanto por su original estructura y sus juegos literarios como por el torrente de sentimientos que el autor vierte en sus personajes principales.<\/p><p style=\"text-align: center;\">Si un libro merece ser le\u00eddo cuando, al terminarlo, nos invade alg\u00fan tipo de emoci\u00f3n, esto es sin duda lo que sucede en &#8220;Entre Par\u00eds y la Habana&#8221;. Se trata, adem\u00e1s, de una de esas novelas que vuelven a disfrutarse en sucesivas lecturas gracias al descubrimiento de peque\u00f1os detalles &#8212; &#8220;Los divinos detalles&#8221;, como los llamaba Nabokov&#8211; que hab\u00edan pasado antes inadvertidos.<\/p><p style=\"text-align: center;\">No defraudar\u00e1 a los amantes de los libros: Ni a los lectores exigentes ni a aquellos que comienzan a dar sus primeros pasos en la escritura&#8221;.<\/p><p style=\"text-align: center;\">Rese\u00f1a escrita por: Rub\u00e9n Pujante Corbal\u00e1n para Somos Booktubers:<\/p><p style=\"text-align: center;\"><a href=\"https:\/\/www.instagram.com\/p\/CIqC5LODw7x\/?utm_source=ig_web_copy_link\">https:\/\/www.instagram.com\/p\/CIqC5LODw7x\/?utm_source=ig_web_copy_link<\/a><\/p><p><img decoding=\"async\" loading=\"lazy\" class=\"aligncenter wp-image-447\" src=\"http:\/\/adelucas.es\/wp-content\/uploads\/2020\/12\/Rese\u00f1a-Instagram.png\" alt=\"\" width=\"875\" height=\"614\" srcset=\"http:\/\/adelucas.es\/wp-content\/uploads\/2020\/12\/Rese\u00f1a-Instagram.png 926w, http:\/\/adelucas.es\/wp-content\/uploads\/2020\/12\/Rese\u00f1a-Instagram-300x211.png 300w, http:\/\/adelucas.es\/wp-content\/uploads\/2020\/12\/Rese\u00f1a-Instagram-768x539.png 768w\" sizes=\"(max-width: 875px) 100vw, 875px\" \/><\/p><hr \/><p style=\"text-align: center;\">Es de agradecer que entre tanta literatura insulsa, repetitiva y subvencionada, caiga en nuestras manos una buena novela, escrita con ingenio, imaginaci\u00f3n y maestr\u00eda. Como se hac\u00eda antes. Se trata de la novela \u201cEntre Par\u00eds y La Habana\u201d, de Alberto de Lucas Vicente [\u2026]<\/p><p style=\"text-align: center;\">Saber contar a un p\u00fablico una buena historia y hacerlo con las virtudes literarias se ha convertido casi en marginal. Por eso esta novela es excepcional pues se agradece que el buen gusto y la buena escritura permanezcan inmutables y en di\u00e1logo directo con el lector. Alberto de Lucas, su autor, es capaz de introducirnos en la responsabilidad est\u00e9tica y art\u00edstica, a la vez que nos educa con un lenguaje actual pero culto, din\u00e1mico y creativo, donde no le tiembla el pulso. [\u2026] Aunque la literatura contempor\u00e1nea exige que el lector sea capaz de hacer una lectura distinta seg\u00fan las perspectivas y preocupaciones actuales, ello no quita que se pueda escribir con sensibilidad, correcci\u00f3n y elegancia, como podemos observar en Alberto de Lucas.<\/p><p style=\"text-align: center;\">Como notas negativas, aunque el pr\u00f3logo ficticio \u201cin medias res\u201d ha quedado original e imaginativo, he echado en falta un verdadero pr\u00f3logo de alguien que, con autoridad, nos ilustrase sobre la lectura a la que vamos a hacer frente. Pero, sobre todo, lo que m\u00e1s me ha molestado es que el autor no nos bendiga con m\u00e1s creaciones de su ingeniosa mente, dej\u00e1ndonos hu\u00e9rfanos de su obra a los que ya nos hemos convertido en fieles y leales admiradores.\u00a0<\/p><p style=\"text-align: right;\">A. T. T.<\/p><p style=\"text-align: right;\"><a href=\"https:\/\/intrepidohumanista.wordpress.com\/2021\/03\/01\/entre-paris-y-la-habana\/\">Cr\u00edtica completa en el blog &#8220;Intr\u00e9pido humanista&#8221;<\/a><\/p><hr \/><p style=\"text-align: center;\">&#8220;De lo m\u00e1s grueso a lo m\u00e1s fino:<\/p><ol style=\"text-align: center;\"><li>El libro engancha, me lo he le\u00eddo en cuatro sentadas -y no en dos por interrupciones- y pienso que no es f\u00e1cil que una novela tan personal logre eso.<\/li><li>Me parece, adem\u00e1s, que todo el misterio alrededor de Carlos-Alberto Taubel y el manuscrito encontrado es brillante.<\/li><li>La historia de La Habana me parece mucho mejor que la de Par\u00eds, es m\u00e1s din\u00e1mica y tiene m\u00e1s &#8220;tir\u00f3n&#8221;. A veces uno empieza a estar harto de Boitille y su cuadro y quiere llegar a La Habana, aunque la escena del caf\u00e9 es de lo mejor del libro.<\/li><li>Pienso que al principio puede chocar al lector lo cargado de adjetivos que est\u00e1 el libro, pero uno se hace mientras va leyendo.<\/li><li>Creo que se dirige a gente con un nivel cultural alto (y no me refiero a la co\u00f1a de Marx precisamente). El espa\u00f1ol medio no sabe qui\u00e9nes son los dioses romanos, ni que Valle deforma la realidad, ni que &#8220;vate&#8221; significa poeta, ni lo que quiere decir &#8220;zahir&#8221;&#8230;<\/li><li>Creo tambi\u00e9n que quien le conoce juega con ventaja a la hora de entender muchas cosas&#8221;. J. Ll. T.<\/li><\/ol><hr \/><p style=\"text-align: center;\">&#8220;Hola, Alberto. Sinceramente, me ha encantado el libro. Soy consciente de que no he pillado absolutamente todos los gui\u00f1os, pero me han encantado tus versos prosaicos y las reflexiones que en \u00e9l se proponen. \u00a1Gracias!&#8221;. J. S-T.<\/p><hr \/><p style=\"text-align: center;\">&#8220;Le escribo para felicitarle por su novela y decirle que me ha gustado mucho&#8221;. J. L. T.<\/p><hr \/><p style=\"text-align: center;\">&#8220;Te escribo porque&#8230; \u00a1he dispuesto del tiempo para leer tu novela! \u00a1Qu\u00e9 pasada! Me han gustado mucho las dos historias y c\u00f3mo las vas hilando. Sobre todo, la de La Habana. \u00a1Tienes que seguir escribiendo!&#8221;. A. S. B.<\/p><hr \/><p style=\"text-align: center;\">&#8220;Para m\u00ed ha sido un placer leerla. Creo que lo m\u00e1s importante de todo es decirte que tienes madera de escritor. Escribes muy bien. Hay soltura, fluidez, gracia y sensibilidad. Se deja leer sin trabas y consigues inmiscuir al lector en tus ficciones. Eso, para m\u00ed, es un grado. Y t\u00fa lo tienes. As\u00ed que, enhorabuena. [&#8230;] Me ha interesado mucho el pr\u00f3logo intercalado, creo que es un acierto, y adem\u00e1s la &#8220;voz&#8221; (de Carlos Taubel) var\u00eda en relaci\u00f3n al resto de las voces narrativas, y se percibe el oficio de buen lector que hay en ti. Las &#8220;f\u00e1bulas&#8221; se desarrollan bien. Los personajes empiezan a tener vida y est\u00e1s muy cerca de la &#8220;novela&#8221;. [&#8230;] Por otra parte, el car\u00e1cter de los narradores prende el inter\u00e9s del lector en tu texto: manejas muy bien la intertextualidad en sus diferentes grados y registros. Me han encantado, como imaginar\u00e1s, especialmente las referencias americanistas, desde Huidobro hasta Mart\u00ed, pasando por Borges, as\u00ed como el aluvi\u00f3n de literatura espa\u00f1ola que se cierne en las p\u00e1ginas, desde Quevedo al Arcipreste. Todo eso est\u00e1 muy bien, sobre todo porque no es ostentoso ni exhibicionista. Los ecos cervantinos me encantan (&#8220;Entre los que hall\u00e9 una falsa atracci\u00f3n por quien no deb\u00eda y supe cu\u00e1n perversa puede ser el alma humana&#8221;). Ese tono es dif\u00edcil de reconstruir y en ti se aprecia una lectura in extenso y profunda del Quijote. \u00a1Enhorabuena! [&#8230;] No dejes de escribir, porque s\u00e9 que <br \/>tienes mucho que mostrar. Mucho y bueno&#8221;. V. C. S.<\/p><hr \/><p style=\"text-align: center;\">&#8220;Jean Paul quiere alcanzar la gloria como pintor en Par\u00eds, y a tal fin se<br \/>traslada hasta la Ciudad de las Luces desde una peque\u00f1a localidad rural.<br \/>All\u00ed encontrar\u00e1 en Montmartre el ambiente adecuado para desarrollar su pasi\u00f3n, aunque al mismo tiempo le saldr\u00e1n al paso los fantasmas del pasado, colegas suyos que recorrieron aquellas empinadas callejuelas hasta tocar el \u00e9xito y que hoy, para no repetirse, deber\u00e1 intentar evitar a toda costa en aras de hallar su propio sello original.<br \/>Este artista padece del mal decadentista, buscando a su musa entre la pasi\u00f3n y las flores del mal, entre la poes\u00eda y el hermoso cuerpo femenino que le servir\u00e1 al mismo tiempo de lienzo y de inspiraci\u00f3n. As\u00ed le llegar\u00e1 la inspiraci\u00f3n que despierte su genio, entrecruzando su historia creadora con el frenes\u00ed que despertar\u00e1 Carmen en su vida. Entre Par\u00eds y La Habana. Por si fuera poco, la originalidad de esta novela nos sorprender\u00e1 con un pr\u00f3logo insertado entre los cap\u00edtulos IV y V, en un ejercicio metaliterario que tratar\u00e1 de explicarnos su funci\u00f3n dentro del libro, al tiempo de ejecutarla. El prologuista chiflado \u2013como el mismo autor reconocer\u00e1 en el Ep\u00edlogo, ahora s\u00ed, colocado en su lugar en forma y fondo\u2013 se nos presentar\u00e1 tambi\u00e9n como el escribidor de la obra que tenemos entre manos, y que con diversas historias escritas a distintas voces, en cap\u00edtulos pares e impares, ha ido trenzando alternativamente hasta confluir en el culmen de su arte pict\u00f3rico.<br \/>Nada hay tan sublime para un creador como el dar vida a un personaje en su obra, sea cual sea su disciplina art\u00edstica. Esa era la angustia vital del pintor, el ser incapaz de acercarse con el pincel a la diana, y ah\u00ed estriba su tragedia. Sin embargo, tenemos entre manos una novela que ha sabido recrear esa tragedia, y ha insuflado vida a Jean Paul. Para ello, Alberto no\u00a0<br \/>se ha extendido demasiado, no ha necesitado m\u00e1s de doscientas p\u00e1ginas para describir la historia de un infortunio, de un amor, de un proceso creativo. El lenguaje que ha empleado es certero, cargado de significado y en ocasiones m\u00e1s pr\u00f3ximo a la l\u00edrica que a la prosa. Su primera lectura nos pasear\u00e1 por las tribulaciones de este personaje \u2013y adyacentes\u2013, pero su segunda lectura, bien soportada, a pesar de las propias dudas del escritor, incorpora un sinf\u00edn de referentes, bien sean literarios, pict\u00f3ricos o mitol\u00f3gicos.\u00a0<span style=\"font-size: 16px;\">El escenario en el que nos vamos a desenvolver tambi\u00e9n viene pre\u00f1ado de <\/span><span style=\"font-size: 16px;\">simbolismos. Seg\u00fan vamos leyendo, casi podemos verlo paseando por la rive gauche. Conocido y revisitado, no habr\u00eda podido ser otro el sitio donde un pintor maldito fuera a dar con sus huesos. Por \u00faltimo, y antes de recomendar firmemente la lectura de esta novela, estar\u00eda bien remarcar el tono de humor que de manera sutil se ha deslizado en algunos pasajes, quitando hierro a la tragedia existencial de este personaje cuya gesta heroica en alg\u00fan momento del libro corre el riesgo de reducirse a un &#8220;soy pintor porque no quer\u00eda ayudar a mi padre en el campo&#8221;. Es necesario haber conocido una experiencia similar para\u00a0<\/span><span style=\"font-size: 16px;\">comprender cu\u00e1n productiva puede ser esta determinaci\u00f3n, supliendo\u00a0<\/span><span style=\"font-size: 16px;\">ampliamente la firmeza de una voluntad inquebrantable a otros\u00a0<\/span><span style=\"font-size: 16px;\">requisitos m\u00e1s sobrevalorados como el ingenio o el talento&#8221;.\u00a0 J. D. \u00c1.<\/span><\/p><p style=\"text-align: center;\">\u00a0<\/p>\t\t\t\t\t<\/div>\n\t\t\t\t\t\t<\/div>\n\t\t\t\t<\/div>\n\t\t\t\t\t\t<\/div>\n\t\t\t\t\t<\/div>\n\t\t<\/div>\n\t\t\t\t\t\t\t\t<\/div>\n\t\t\t\t\t<\/div>\n\t\t<\/section>\n\t\t\t\t\t\t\t\t\t<\/div>\n\t\t\t<\/div>\n\t\t\t\t\t<\/div>\n\t\t","protected":false},"excerpt":{"rendered":"<p>Rese\u00f1a en Amazon: &#8220;Te reitero la magn\u00edfica impresi\u00f3n que me caus\u00f3 tu novela: gran intensidad emocional, mucha poes\u00eda de la buena, mucha verdad, iron\u00eda, gui\u00f1os cultos, buen pulso narrativo. Y, sobre todo, la apoteosis de la polifon\u00eda: un muestrario ideal para una tesis. Qu\u00e9 dominio de los estilos de cita. Creo que innovas y te &#8230;<\/p>\n","protected":false},"author":1,"featured_media":0,"parent":0,"menu_order":0,"comment_status":"closed","ping_status":"closed","template":"","meta":[],"_links":{"self":[{"href":"http:\/\/adelucas.es\/index.php?rest_route=\/wp\/v2\/pages\/444"}],"collection":[{"href":"http:\/\/adelucas.es\/index.php?rest_route=\/wp\/v2\/pages"}],"about":[{"href":"http:\/\/adelucas.es\/index.php?rest_route=\/wp\/v2\/types\/page"}],"author":[{"embeddable":true,"href":"http:\/\/adelucas.es\/index.php?rest_route=\/wp\/v2\/users\/1"}],"replies":[{"embeddable":true,"href":"http:\/\/adelucas.es\/index.php?rest_route=%2Fwp%2Fv2%2Fcomments&post=444"}],"version-history":[{"count":18,"href":"http:\/\/adelucas.es\/index.php?rest_route=\/wp\/v2\/pages\/444\/revisions"}],"predecessor-version":[{"id":884,"href":"http:\/\/adelucas.es\/index.php?rest_route=\/wp\/v2\/pages\/444\/revisions\/884"}],"wp:attachment":[{"href":"http:\/\/adelucas.es\/index.php?rest_route=%2Fwp%2Fv2%2Fmedia&parent=444"}],"curies":[{"name":"wp","href":"https:\/\/api.w.org\/{rel}","templated":true}]}}