{"id":484,"date":"2020-12-19T19:17:19","date_gmt":"2020-12-19T17:17:19","guid":{"rendered":"http:\/\/adelucas.es\/?page_id=484"},"modified":"2020-12-19T19:22:27","modified_gmt":"2020-12-19T17:22:27","slug":"capitulo-i","status":"publish","type":"page","link":"http:\/\/adelucas.es\/?page_id=484","title":{"rendered":"Cap\u00edtulo I"},"content":{"rendered":"\t\t<div data-elementor-type=\"wp-post\" data-elementor-id=\"484\" class=\"elementor elementor-484\">\n\t\t\t\t\t\t<div class=\"elementor-inner\">\n\t\t\t\t<div class=\"elementor-section-wrap\">\n\t\t\t\t\t\t\t\t\t<section class=\"elementor-section elementor-top-section elementor-element elementor-element-85343c3 elementor-section-boxed elementor-section-height-default elementor-section-height-default\" data-id=\"85343c3\" data-element_type=\"section\">\n\t\t\t\t\t\t<div class=\"elementor-container elementor-column-gap-default\">\n\t\t\t\t\t\t\t<div class=\"elementor-row\">\n\t\t\t\t\t<div class=\"elementor-column elementor-col-100 elementor-top-column elementor-element elementor-element-43e36d9\" data-id=\"43e36d9\" data-element_type=\"column\">\n\t\t\t<div class=\"elementor-column-wrap elementor-element-populated\">\n\t\t\t\t\t\t\t<div class=\"elementor-widget-wrap\">\n\t\t\t\t\t\t<div class=\"elementor-element elementor-element-7429ad6 elementor-widget elementor-widget-text-editor\" data-id=\"7429ad6\" data-element_type=\"widget\" data-widget_type=\"text-editor.default\">\n\t\t\t\t<div class=\"elementor-widget-container\">\n\t\t\t\t\t\t\t\t<div class=\"elementor-text-editor elementor-clearfix\">\n\t\t\t\t<p style=\"text-align: center;\"><a href=\"http:\/\/adelucas.es\/wp-content\/uploads\/2020\/12\/Entre-Par\u00eds-y-La-Habana.-Cap.-1.pdf\">Entre Par\u00eds y La Habana. Cap. 1<\/a><a href=\"http:\/\/adelucas.es\/wp-content\/uploads\/2020\/12\/Entre-Par\u00eds-y-La-Habana.-Cap.-1.pdf\"><img decoding=\"async\" loading=\"lazy\" class=\"aligncenter wp-image-100 size-thumbnail\" src=\"http:\/\/adelucas.es\/wp-content\/uploads\/2019\/07\/icono-PDF-150x150.png\" alt=\"Descargar PDF\" width=\"150\" height=\"150\" \/><\/a>Lee y descarga aqu\u00ed el primer cap\u00edtulo de <em>Entre Par\u00eds y La Habana.<\/em><\/p>\t\t\t\t\t<\/div>\n\t\t\t\t\t\t<\/div>\n\t\t\t\t<\/div>\n\t\t\t\t\t\t<\/div>\n\t\t\t\t\t<\/div>\n\t\t<\/div>\n\t\t\t\t\t\t\t\t<\/div>\n\t\t\t\t\t<\/div>\n\t\t<\/section>\n\t\t\t\t\t\t\t\t\t<\/div>\n\t\t\t<\/div>\n\t\t\t\t\t<\/div>\n\t\t","protected":false},"excerpt":{"rendered":"<p>Entre Par\u00eds y La Habana. Cap. 1Lee y descarga aqu\u00ed el primer cap\u00edtulo de Entre Par\u00eds y La Habana.<\/p>\n","protected":false},"author":1,"featured_media":0,"parent":0,"menu_order":0,"comment_status":"closed","ping_status":"closed","template":"","meta":[],"_links":{"self":[{"href":"http:\/\/adelucas.es\/index.php?rest_route=\/wp\/v2\/pages\/484"}],"collection":[{"href":"http:\/\/adelucas.es\/index.php?rest_route=\/wp\/v2\/pages"}],"about":[{"href":"http:\/\/adelucas.es\/index.php?rest_route=\/wp\/v2\/types\/page"}],"author":[{"embeddable":true,"href":"http:\/\/adelucas.es\/index.php?rest_route=\/wp\/v2\/users\/1"}],"replies":[{"embeddable":true,"href":"http:\/\/adelucas.es\/index.php?rest_route=%2Fwp%2Fv2%2Fcomments&post=484"}],"version-history":[{"count":3,"href":"http:\/\/adelucas.es\/index.php?rest_route=\/wp\/v2\/pages\/484\/revisions"}],"predecessor-version":[{"id":488,"href":"http:\/\/adelucas.es\/index.php?rest_route=\/wp\/v2\/pages\/484\/revisions\/488"}],"wp:attachment":[{"href":"http:\/\/adelucas.es\/index.php?rest_route=%2Fwp%2Fv2%2Fmedia&parent=484"}],"curies":[{"name":"wp","href":"https:\/\/api.w.org\/{rel}","templated":true}]}}