{"id":71,"date":"2019-07-19T20:37:10","date_gmt":"2019-07-19T18:37:10","guid":{"rendered":"http:\/\/adelucas.es\/?page_id=71"},"modified":"2021-03-11T11:38:10","modified_gmt":"2021-03-11T09:38:10","slug":"articulos-en-revistas-cientificas","status":"publish","type":"page","link":"http:\/\/adelucas.es\/?page_id=71","title":{"rendered":"Art\u00edculos en revistas cient\u00edficas"},"content":{"rendered":"\t\t<div data-elementor-type=\"wp-post\" data-elementor-id=\"71\" class=\"elementor elementor-71\">\n\t\t\t\t\t\t<div class=\"elementor-inner\">\n\t\t\t\t<div class=\"elementor-section-wrap\">\n\t\t\t\t\t\t\t\t\t<section class=\"elementor-section elementor-top-section elementor-element elementor-element-b0e4e42 elementor-section-boxed elementor-section-height-default elementor-section-height-default\" data-id=\"b0e4e42\" data-element_type=\"section\">\n\t\t\t\t\t\t<div class=\"elementor-container elementor-column-gap-default\">\n\t\t\t\t\t\t\t<div class=\"elementor-row\">\n\t\t\t\t\t<div class=\"elementor-column elementor-col-100 elementor-top-column elementor-element elementor-element-b243270\" data-id=\"b243270\" data-element_type=\"column\">\n\t\t\t<div class=\"elementor-column-wrap elementor-element-populated\">\n\t\t\t\t\t\t\t<div class=\"elementor-widget-wrap\">\n\t\t\t\t\t\t<div class=\"elementor-element elementor-element-388f287 elementor-widget elementor-widget-text-editor\" data-id=\"388f287\" data-element_type=\"widget\" data-widget_type=\"text-editor.default\">\n\t\t\t\t<div class=\"elementor-widget-container\">\n\t\t\t\t\t\t\t\t<div class=\"elementor-text-editor elementor-clearfix\">\n\t\t\t\t<p><strong>Art\u00edculo: <em>C\u00edrculo de Ling\u00fc\u00edstica Aplicada a la Comunicaci\u00f3n <\/em>[\u200bISSN-L: 1576-4737] (2021):<\/strong><\/p><p>De Lucas Vicente, A. (2021): \u201cEl debate en la prensa sobre libertad acad\u00e9mica. El caso Finnis\u201d. <em>CLAC. C\u00edrculo de Ling\u00fc\u00edstica Aplicada a la Comunicaci\u00f3n<\/em>, 85, pp. 259-267.<\/p><p style=\"text-align: center;\"><a href=\"https:\/\/revistas.ucm.es\/index.php\/CLAC\/article\/view\/73552\" target=\"_blank\" rel=\"noopener\"><img decoding=\"async\" loading=\"lazy\" class=\"alignnone wp-image-62\" src=\"http:\/\/adelucas.es\/wp-content\/uploads\/2019\/07\/ir-a-web.png\" alt=\"\" width=\"68\" height=\"68\" srcset=\"http:\/\/adelucas.es\/wp-content\/uploads\/2019\/07\/ir-a-web.png 225w, http:\/\/adelucas.es\/wp-content\/uploads\/2019\/07\/ir-a-web-150x150.png 150w\" sizes=\"(max-width: 68px) 100vw, 68px\" \/><\/a> \u00a0<a href=\"https:\/\/revistas.ucm.es\/index.php\/CLAC\/article\/view\/73552\/4564456555966\" target=\"_blank\" rel=\"noopener\"><img decoding=\"async\" loading=\"lazy\" class=\"alignnone wp-image-100\" src=\"http:\/\/adelucas.es\/wp-content\/uploads\/2019\/07\/icono-PDF-150x150.png\" alt=\"Descargar PDF\" width=\"59\" height=\"68\" srcset=\"http:\/\/adelucas.es\/wp-content\/uploads\/2019\/07\/icono-PDF-258x300.png 258w, http:\/\/adelucas.es\/wp-content\/uploads\/2019\/07\/icono-PDF.png 360w\" sizes=\"(max-width: 59px) 100vw, 59px\" \/><\/a><\/p><p><strong>Art\u00edculo: <em>Revista espa\u00f1ola de Ling\u00fc\u00edstica<\/em> [ISSN: 2010-1874] (2014):<\/strong><\/p><p>De Lucas Vicente, A. (2014): \u201cVerdad y argumentaci\u00f3n en la cita period\u00edstica\u201d. <em>RSeL. Revista Espa\u00f1ola de Ling\u00fc\u00edstica<\/em>, 44\/1, pp. 39-64.<\/p><p style=\"text-align: center;\"><a href=\"http:\/\/sel.edu.es\/rsel\/index.php\/revista\/article\/view\/117\" target=\"_blank\" rel=\"noopener\"><img decoding=\"async\" loading=\"lazy\" class=\"alignnone wp-image-62\" src=\"http:\/\/adelucas.es\/wp-content\/uploads\/2019\/07\/ir-a-web.png\" alt=\"\" width=\"68\" height=\"68\" srcset=\"http:\/\/adelucas.es\/wp-content\/uploads\/2019\/07\/ir-a-web.png 225w, http:\/\/adelucas.es\/wp-content\/uploads\/2019\/07\/ir-a-web-150x150.png 150w\" sizes=\"(max-width: 68px) 100vw, 68px\" \/><\/a> \u00a0<a href=\"http:\/\/adelucas.es\/wp-content\/uploads\/2019\/07\/Verdad_y_argumentacion_en_la_cita_period.pdf\" target=\"_blank\" rel=\"noopener\"><img decoding=\"async\" loading=\"lazy\" class=\"alignnone wp-image-100\" src=\"http:\/\/adelucas.es\/wp-content\/uploads\/2019\/07\/icono-PDF-150x150.png\" alt=\"Descargar PDF\" width=\"59\" height=\"68\" srcset=\"http:\/\/adelucas.es\/wp-content\/uploads\/2019\/07\/icono-PDF-258x300.png 258w, http:\/\/adelucas.es\/wp-content\/uploads\/2019\/07\/icono-PDF.png 360w\" sizes=\"(max-width: 59px) 100vw, 59px\" \/><\/a><\/p><p><strong>Art\u00edculo: <em>marcoELE<\/em> (ISSN 1885-2211 ) (2014):<\/strong><\/p><p>Pujante Corbal\u00e1n, R. y A. de Lucas Vicente (2014): \u201cEl taller de escritura creativa en la clase de espa\u00f1ol\u201d, en Jim\u00e9nez Berrio, F.; Celayeta Gil, N.; De Lucas Vicente, A. y Jimeno Zuazu A. (eds.): <em>Tendencias actuales en la investigaci\u00f3n de ELE<\/em>, <em>marcoELE<\/em>, 18 (monogr\u00e1fico). pp. 70-84<\/p><p style=\"text-align: center;\"><a href=\"http:\/\/marcoele.com\/taller-de-escritura-creativa\/\" target=\"_blank\" rel=\"noopener\"><img decoding=\"async\" loading=\"lazy\" class=\"alignnone wp-image-62\" src=\"http:\/\/adelucas.es\/wp-content\/uploads\/2019\/07\/ir-a-web.png\" alt=\"\" width=\"68\" height=\"68\" srcset=\"http:\/\/adelucas.es\/wp-content\/uploads\/2019\/07\/ir-a-web.png 225w, http:\/\/adelucas.es\/wp-content\/uploads\/2019\/07\/ir-a-web-150x150.png 150w\" sizes=\"(max-width: 68px) 100vw, 68px\" \/><\/a> \u00a0<a href=\"http:\/\/adelucas.es\/wp-content\/uploads\/2019\/07\/El_taller_de_escritura_creativa_en_la_cl.pdf\" target=\"_blank\" rel=\"noopener\"><img decoding=\"async\" loading=\"lazy\" class=\"alignnone wp-image-100\" src=\"http:\/\/adelucas.es\/wp-content\/uploads\/2019\/07\/icono-PDF-150x150.png\" alt=\"Descargar PDF\" width=\"59\" height=\"68\" srcset=\"http:\/\/adelucas.es\/wp-content\/uploads\/2019\/07\/icono-PDF-258x300.png 258w, http:\/\/adelucas.es\/wp-content\/uploads\/2019\/07\/icono-PDF.png 360w\" sizes=\"(max-width: 59px) 100vw, 59px\" \/><\/a><\/p><p>\u00a0<strong>Art\u00edculo: <em>Revista Signos<\/em> (ISSN 0718-0934 ) (2013):<\/strong><\/p><p>Casado Velarde, M. y A. de Lucas Vicente (2013): \u201cLa evaluaci\u00f3n del discurso referido en la prensa a trav\u00e9s de los verbos introductores\u201d, en <em>Revista Signos<\/em>, vol. 46, n\u00ba 83, pp. 332-360<\/p><p style=\"text-align: center;\"><a href=\"http:\/\/ref.scielo.org\/wqw9zm\" target=\"_blank\" rel=\"noopener\"><img decoding=\"async\" loading=\"lazy\" class=\"alignnone wp-image-62\" src=\"http:\/\/adelucas.es\/wp-content\/uploads\/2019\/07\/ir-a-web.png\" alt=\"\" width=\"68\" height=\"68\" srcset=\"http:\/\/adelucas.es\/wp-content\/uploads\/2019\/07\/ir-a-web.png 225w, http:\/\/adelucas.es\/wp-content\/uploads\/2019\/07\/ir-a-web-150x150.png 150w\" sizes=\"(max-width: 68px) 100vw, 68px\" \/><\/a> \u00a0<a href=\"http:\/\/adelucas.es\/wp-content\/uploads\/2019\/07\/La_evaluacion_del_discurso_referido_en_l.pdf\" target=\"_blank\" rel=\"noopener\"><img decoding=\"async\" loading=\"lazy\" class=\"alignnone wp-image-100\" src=\"http:\/\/adelucas.es\/wp-content\/uploads\/2019\/07\/icono-PDF-150x150.png\" alt=\"Descargar PDF\" width=\"59\" height=\"68\" srcset=\"http:\/\/adelucas.es\/wp-content\/uploads\/2019\/07\/icono-PDF-258x300.png 258w, http:\/\/adelucas.es\/wp-content\/uploads\/2019\/07\/icono-PDF.png 360w\" sizes=\"(max-width: 59px) 100vw, 59px\" \/><\/a><\/p>\t\t\t\t\t<\/div>\n\t\t\t\t\t\t<\/div>\n\t\t\t\t<\/div>\n\t\t\t\t\t\t<\/div>\n\t\t\t\t\t<\/div>\n\t\t<\/div>\n\t\t\t\t\t\t\t\t<\/div>\n\t\t\t\t\t<\/div>\n\t\t<\/section>\n\t\t\t\t\t\t\t\t\t<\/div>\n\t\t\t<\/div>\n\t\t\t\t\t<\/div>\n\t\t","protected":false},"excerpt":{"rendered":"<p>Art\u00edculo: C\u00edrculo de Ling\u00fc\u00edstica Aplicada a la Comunicaci\u00f3n [\u200bISSN-L: 1576-4737] (2021): De Lucas Vicente, A. (2021): \u201cEl debate en la prensa sobre libertad acad\u00e9mica. El caso Finnis\u201d. CLAC. C\u00edrculo de Ling\u00fc\u00edstica Aplicada a la Comunicaci\u00f3n, 85, pp. 259-267. \u00a0 Art\u00edculo: Revista espa\u00f1ola de Ling\u00fc\u00edstica [ISSN: 2010-1874] (2014): De Lucas Vicente, A. (2014): \u201cVerdad y argumentaci\u00f3n &#8230;<\/p>\n","protected":false},"author":1,"featured_media":0,"parent":0,"menu_order":0,"comment_status":"closed","ping_status":"closed","template":"","meta":[],"_links":{"self":[{"href":"http:\/\/adelucas.es\/index.php?rest_route=\/wp\/v2\/pages\/71"}],"collection":[{"href":"http:\/\/adelucas.es\/index.php?rest_route=\/wp\/v2\/pages"}],"about":[{"href":"http:\/\/adelucas.es\/index.php?rest_route=\/wp\/v2\/types\/page"}],"author":[{"embeddable":true,"href":"http:\/\/adelucas.es\/index.php?rest_route=\/wp\/v2\/users\/1"}],"replies":[{"embeddable":true,"href":"http:\/\/adelucas.es\/index.php?rest_route=%2Fwp%2Fv2%2Fcomments&post=71"}],"version-history":[{"count":13,"href":"http:\/\/adelucas.es\/index.php?rest_route=\/wp\/v2\/pages\/71\/revisions"}],"predecessor-version":[{"id":513,"href":"http:\/\/adelucas.es\/index.php?rest_route=\/wp\/v2\/pages\/71\/revisions\/513"}],"wp:attachment":[{"href":"http:\/\/adelucas.es\/index.php?rest_route=%2Fwp%2Fv2%2Fmedia&parent=71"}],"curies":[{"name":"wp","href":"https:\/\/api.w.org\/{rel}","templated":true}]}}