{"id":20,"date":"2019-07-17T20:22:01","date_gmt":"2019-07-17T18:22:01","guid":{"rendered":"http:\/\/adelucas.es\/?page_id=20"},"modified":"2023-04-24T12:06:40","modified_gmt":"2023-04-24T10:06:40","slug":"publicaciones","status":"publish","type":"page","link":"https:\/\/adelucas.es\/?page_id=20","title":{"rendered":"Publicaciones"},"content":{"rendered":"\t\t<div data-elementor-type=\"wp-post\" data-elementor-id=\"20\" class=\"elementor elementor-20\">\n\t\t\t\t\t\t<div class=\"elementor-inner\">\n\t\t\t\t<div class=\"elementor-section-wrap\">\n\t\t\t\t\t\t\t\t\t<section class=\"elementor-section elementor-top-section elementor-element elementor-element-23e4695d elementor-section-boxed elementor-section-height-default elementor-section-height-default\" data-id=\"23e4695d\" data-element_type=\"section\">\n\t\t\t\t\t\t<div class=\"elementor-container elementor-column-gap-default\">\n\t\t\t\t\t\t\t<div class=\"elementor-row\">\n\t\t\t\t\t<div class=\"elementor-column elementor-col-100 elementor-top-column elementor-element elementor-element-5bc5b6d5\" data-id=\"5bc5b6d5\" data-element_type=\"column\">\n\t\t\t<div class=\"elementor-column-wrap elementor-element-populated\">\n\t\t\t\t\t\t\t<div class=\"elementor-widget-wrap\">\n\t\t\t\t\t\t<div class=\"elementor-element elementor-element-716920af elementor-widget elementor-widget-text-editor\" data-id=\"716920af\" data-element_type=\"widget\" data-widget_type=\"text-editor.default\">\n\t\t\t\t<div class=\"elementor-widget-container\">\n\t\t\t\t\t\t\t\t<div class=\"elementor-text-editor elementor-clearfix\">\n\t\t\t\t<p><a href=\"http:\/\/adelucas.es\/?page_id=30\">Publicaciones acad\u00e9micas<\/a><\/p>\n<ul>\n<li>\n<p><span style=\"color: #3366ff;\"><a style=\"color: #3366ff;\" href=\"http:\/\/adelucas.es\/?page_id=71\">Art\u00edculos en revistas cient\u00edficas<\/a><\/span><\/p>\n<\/li>\n<li>\n<p><span style=\"color: #3366ff;\"><a style=\"color: #3366ff;\" href=\"http:\/\/adelucas.es\/?page_id=118\">Edici\u00f3n de monogr\u00e1ficos<\/a><\/span><\/p>\n<\/li>\n<li><span style=\"color: #3366ff;\"><a style=\"color: #3366ff;\" href=\"http:\/\/adelucas.es\/?page_id=106\">Cap\u00edtulos de libro o actas de congreso<\/a><\/span><\/li>\n<li>\n<p><span style=\"color: #3366ff;\"><a style=\"color: #3366ff;\" href=\"http:\/\/adelucas.es\/?page_id=126\">Tesis doctoral<\/a><\/span><\/p>\n<\/li>\n<\/ul>\n<p><a href=\"http:\/\/adelucas.es\/?page_id=156\">Publicaciones en los medios<\/a><\/p>\n<ul>\n<li>\n<p><span style=\"color: #3366ff;\"><a style=\"color: #3366ff;\" href=\"http:\/\/adelucas.es\/?page_id=146\">Art\u00edculos de opini\u00f3n<\/a><\/span><\/p>\n<\/li>\n<li>\n<p><span style=\"color: #3366ff;\"><a style=\"color: #3366ff;\" href=\"http:\/\/adelucas.es\/?page_id=151\">Intervenciones en la radio<\/a><\/span><\/p>\n<\/li>\n<li><span style=\"color: #3366ff;\"><a style=\"color: #3366ff;\" href=\"http:\/\/adelucas.es\/?page_id=314\" target=\"_blank\" rel=\"noopener\">Entrevistas<\/a><\/span><\/li>\n<li><span style=\"color: #3366ff;\"><a style=\"color: #3366ff;\" href=\"http:\/\/adelucas.es\/?page_id=384\" target=\"_blank\" rel=\"noopener\">Apariciones en TV<\/a><\/span><\/li>\n<\/ul>\n<p><!-- wp:paragraph --><\/p>\n<p><a href=\"http:\/\/adelucas.es\/?page_id=426\"><em>Entre Par\u00eds y La Habana <\/em>(novela)<\/a><\/p>\n<ul>\n<li>\n<p><a href=\"http:\/\/adelucas.es\/?page_id=484\"><span style=\"color: #3366ff;\">Descarga el primer cap\u00edtulo<\/span><\/a><\/p>\n<\/li>\n<li><span style=\"color: #3366ff;\"><a style=\"color: #3366ff;\" href=\"http:\/\/adelucas.es\/?page_id=444\" target=\"_blank\" rel=\"noopener\">Opiniones de los lectores<\/a><\/span><\/li>\n<li>\n<p><a href=\"http:\/\/adelucas.es\/?page_id=491\"><span style=\"color: #3366ff;\">D\u00f3nde comprarla<\/span><\/a><\/p>\n<\/li>\n<\/ul>\n<ul>\n<li><span style=\"color: #3366ff;\"><a style=\"color: #3366ff;\" href=\"http:\/\/adelucas.es\/?page_id=314\" target=\"_blank\" rel=\"noopener\">Entrevistas<\/a><\/span><\/li>\n<\/ul>\n<p style=\"text-align: center;\">\u00a0<\/p>\n<p style=\"text-align: center;\"><img decoding=\"async\" loading=\"lazy\" class=\"alignnone wp-image-419 size-medium\" src=\"http:\/\/adelucas.es\/wp-content\/uploads\/2020\/07\/Portada-de-novela-212x300.jpg\" alt=\"\" width=\"212\" height=\"300\" srcset=\"https:\/\/adelucas.es\/wp-content\/uploads\/2020\/07\/Portada-de-novela-212x300.jpg 212w, https:\/\/adelucas.es\/wp-content\/uploads\/2020\/07\/Portada-de-novela.jpg 352w\" sizes=\"(max-width: 212px) 100vw, 212px\" \/><\/p>\n<p><!-- \/wp:paragraph --><\/p>\t\t\t\t\t<\/div>\n\t\t\t\t\t\t<\/div>\n\t\t\t\t<\/div>\n\t\t\t\t\t\t<\/div>\n\t\t\t\t\t<\/div>\n\t\t<\/div>\n\t\t\t\t\t\t\t\t<\/div>\n\t\t\t\t\t<\/div>\n\t\t<\/section>\n\t\t\t\t\t\t\t\t\t<\/div>\n\t\t\t<\/div>\n\t\t\t\t\t<\/div>\n\t\t","protected":false},"excerpt":{"rendered":"<p>Publicaciones acad\u00e9micas Art\u00edculos en revistas cient\u00edficas Edici\u00f3n de monogr\u00e1ficos Cap\u00edtulos de libro o actas de congreso Tesis doctoral Publicaciones en los medios Art\u00edculos de opini\u00f3n Intervenciones en la radio Entrevistas Apariciones en TV Entre Par\u00eds y La Habana (novela) Descarga el primer cap\u00edtulo Opiniones de los lectores D\u00f3nde comprarla Entrevistas \u00a0<\/p>\n","protected":false},"author":1,"featured_media":0,"parent":0,"menu_order":0,"comment_status":"closed","ping_status":"closed","template":"","meta":[],"_links":{"self":[{"href":"https:\/\/adelucas.es\/index.php?rest_route=\/wp\/v2\/pages\/20"}],"collection":[{"href":"https:\/\/adelucas.es\/index.php?rest_route=\/wp\/v2\/pages"}],"about":[{"href":"https:\/\/adelucas.es\/index.php?rest_route=\/wp\/v2\/types\/page"}],"author":[{"embeddable":true,"href":"https:\/\/adelucas.es\/index.php?rest_route=\/wp\/v2\/users\/1"}],"replies":[{"embeddable":true,"href":"https:\/\/adelucas.es\/index.php?rest_route=%2Fwp%2Fv2%2Fcomments&post=20"}],"version-history":[{"count":19,"href":"https:\/\/adelucas.es\/index.php?rest_route=\/wp\/v2\/pages\/20\/revisions"}],"predecessor-version":[{"id":854,"href":"https:\/\/adelucas.es\/index.php?rest_route=\/wp\/v2\/pages\/20\/revisions\/854"}],"wp:attachment":[{"href":"https:\/\/adelucas.es\/index.php?rest_route=%2Fwp%2Fv2%2Fmedia&parent=20"}],"curies":[{"name":"wp","href":"https:\/\/api.w.org\/{rel}","templated":true}]}}