{"id":230,"date":"2019-07-21T19:58:25","date_gmt":"2019-07-21T17:58:25","guid":{"rendered":"http:\/\/adelucas.es\/?page_id=230"},"modified":"2021-11-03T11:12:52","modified_gmt":"2021-11-03T09:12:52","slug":"230-2","status":"publish","type":"page","link":"https:\/\/adelucas.es\/?page_id=230","title":{"rendered":"+"},"content":{"rendered":"\t\t<div data-elementor-type=\"wp-post\" data-elementor-id=\"230\" class=\"elementor elementor-230\">\n\t\t\t\t\t\t<div class=\"elementor-inner\">\n\t\t\t\t<div class=\"elementor-section-wrap\">\n\t\t\t\t\t\t\t\t\t<section class=\"elementor-section elementor-top-section elementor-element elementor-element-2bf0b5d4 elementor-section-boxed elementor-section-height-default elementor-section-height-default\" data-id=\"2bf0b5d4\" data-element_type=\"section\">\n\t\t\t\t\t\t<div class=\"elementor-container elementor-column-gap-default\">\n\t\t\t\t\t\t\t<div class=\"elementor-row\">\n\t\t\t\t\t<div class=\"elementor-column elementor-col-100 elementor-top-column elementor-element elementor-element-13fd066a\" data-id=\"13fd066a\" data-element_type=\"column\">\n\t\t\t<div class=\"elementor-column-wrap elementor-element-populated\">\n\t\t\t\t\t\t\t<div class=\"elementor-widget-wrap\">\n\t\t\t\t\t\t<div class=\"elementor-element elementor-element-7004d8d8 elementor-widget elementor-widget-text-editor\" data-id=\"7004d8d8\" data-element_type=\"widget\" data-widget_type=\"text-editor.default\">\n\t\t\t\t<div class=\"elementor-widget-container\">\n\t\t\t\t\t\t\t\t<div class=\"elementor-text-editor elementor-clearfix\">\n\t\t\t\t<!-- wp:paragraph -->\n<p style=\"text-align: center;\"><a href=\"http:\/\/adelucas.es\/?page_id=249\">Noticias<\/a><\/p>\n<!-- \/wp:paragraph --><!-- wp:paragraph --><!-- \/wp:paragraph --><!-- wp:paragraph -->\n<p style=\"text-align: center;\"><a href=\"http:\/\/adelucas.es\/?page_id=304\">Galer\u00eda de im\u00e1genes<\/a><\/p>\n<!-- \/wp:paragraph --><!-- wp:paragraph -->\n<p style=\"text-align: center;\"><em><a href=\"http:\/\/adelucas.es\/wp-content\/uploads\/2021\/11\/CV_Alberto-de-Lucas-WEB.pdf\" target=\"_blank\" rel=\"noreferrer noopener\" aria-label=\"Curriculum vitae (abre en una nueva pesta\u00f1a)\">Curriculum vitae<\/a><\/em><\/p>\n<p style=\"text-align: center;\"><a href=\"http:\/\/adelucas.es\/?page_id=25\" target=\"_blank\" rel=\"noopener\">Experiencia docente<\/a><\/p>\n<p style=\"text-align: center;\"><a href=\"http:\/\/adelucas.es\/?page_id=176\" target=\"_blank\" rel=\"noopener\">Formaci\u00f3n acad\u00e9mica<\/a><\/p>\n<p style=\"text-align: center;\"><a href=\"http:\/\/adelucas.es\/?page_id=183\" target=\"_blank\" rel=\"noopener\">Becas y ayudas recibidas<\/a><\/p>\n<p style=\"text-align: center;\"><a href=\"http:\/\/adelucas.es\/?page_id=27\" target=\"_blank\" rel=\"noopener\">Contribuciones a congresos<\/a><\/p>\n<!-- \/wp:paragraph --><!-- wp:paragraph -->\n<p style=\"text-align: center;\">\u00a0<\/p>\n<!-- \/wp:paragraph -->\t\t\t\t\t<\/div>\n\t\t\t\t\t\t<\/div>\n\t\t\t\t<\/div>\n\t\t\t\t\t\t<\/div>\n\t\t\t\t\t<\/div>\n\t\t<\/div>\n\t\t\t\t\t\t\t\t<\/div>\n\t\t\t\t\t<\/div>\n\t\t<\/section>\n\t\t\t\t\t\t\t\t\t<\/div>\n\t\t\t<\/div>\n\t\t\t\t\t<\/div>\n\t\t","protected":false},"excerpt":{"rendered":"<p>Noticias Galer\u00eda de im\u00e1genes Curriculum vitae Experiencia docente Formaci\u00f3n acad\u00e9mica Becas y ayudas recibidas Contribuciones a congresos \u00a0<\/p>\n","protected":false},"author":1,"featured_media":0,"parent":0,"menu_order":0,"comment_status":"closed","ping_status":"closed","template":"","meta":[],"_links":{"self":[{"href":"https:\/\/adelucas.es\/index.php?rest_route=\/wp\/v2\/pages\/230"}],"collection":[{"href":"https:\/\/adelucas.es\/index.php?rest_route=\/wp\/v2\/pages"}],"about":[{"href":"https:\/\/adelucas.es\/index.php?rest_route=\/wp\/v2\/types\/page"}],"author":[{"embeddable":true,"href":"https:\/\/adelucas.es\/index.php?rest_route=\/wp\/v2\/users\/1"}],"replies":[{"embeddable":true,"href":"https:\/\/adelucas.es\/index.php?rest_route=%2Fwp%2Fv2%2Fcomments&post=230"}],"version-history":[{"count":10,"href":"https:\/\/adelucas.es\/index.php?rest_route=\/wp\/v2\/pages\/230\/revisions"}],"predecessor-version":[{"id":706,"href":"https:\/\/adelucas.es\/index.php?rest_route=\/wp\/v2\/pages\/230\/revisions\/706"}],"wp:attachment":[{"href":"https:\/\/adelucas.es\/index.php?rest_route=%2Fwp%2Fv2%2Fmedia&parent=230"}],"curies":[{"name":"wp","href":"https:\/\/api.w.org\/{rel}","templated":true}]}}