{"id":30,"date":"2019-07-17T21:12:19","date_gmt":"2019-07-17T19:12:19","guid":{"rendered":"http:\/\/adelucas.es\/?page_id=30"},"modified":"2020-07-30T11:56:07","modified_gmt":"2020-07-30T09:56:07","slug":"publicaciones-academicas","status":"publish","type":"page","link":"https:\/\/adelucas.es\/?page_id=30","title":{"rendered":"Publicaciones acad\u00e9micas"},"content":{"rendered":"\t\t<div data-elementor-type=\"wp-post\" data-elementor-id=\"30\" class=\"elementor elementor-30\">\n\t\t\t\t\t\t<div class=\"elementor-inner\">\n\t\t\t\t<div class=\"elementor-section-wrap\">\n\t\t\t\t\t\t\t\t\t<section class=\"elementor-section elementor-top-section elementor-element elementor-element-476a8bae elementor-section-boxed elementor-section-height-default elementor-section-height-default\" data-id=\"476a8bae\" data-element_type=\"section\">\n\t\t\t\t\t\t<div class=\"elementor-container elementor-column-gap-default\">\n\t\t\t\t\t\t\t<div class=\"elementor-row\">\n\t\t\t\t\t<div class=\"elementor-column elementor-col-100 elementor-top-column elementor-element elementor-element-6e34fb3d\" data-id=\"6e34fb3d\" data-element_type=\"column\">\n\t\t\t<div class=\"elementor-column-wrap elementor-element-populated\">\n\t\t\t\t\t\t\t<div class=\"elementor-widget-wrap\">\n\t\t\t\t\t\t<div class=\"elementor-element elementor-element-7fefcca9 elementor-widget elementor-widget-text-editor\" data-id=\"7fefcca9\" data-element_type=\"widget\" data-widget_type=\"text-editor.default\">\n\t\t\t\t<div class=\"elementor-widget-container\">\n\t\t\t\t\t\t\t\t<div class=\"elementor-text-editor elementor-clearfix\">\n\t\t\t\t<h4 style=\"text-align: left;\"><a href=\"http:\/\/adelucas.es\/?page_id=71\"><span style=\"color: #333399;\">Art\u00edculos en revistas cient\u00edficas<\/span><\/a><\/h4><h4><span style=\"color: #333399;\"><a style=\"color: #333399;\" href=\"http:\/\/adelucas.es\/?page_id=406\">Art\u00edculos y entrevistas de divulgaci\u00f3n<\/a><\/span><\/h4><h4 style=\"text-align: left;\"><a href=\"http:\/\/adelucas.es\/?page_id=106\"><span style=\"color: #333399;\">Cap\u00edtulos de libro \/ Actas de congreso<\/span><\/a><\/h4><h4 style=\"text-align: left;\"><a href=\"http:\/\/adelucas.es\/?page_id=118\"><span style=\"color: #333399;\">Edici\u00f3n de monogr\u00e1ficos<\/span><\/a><\/h4><h4 style=\"text-align: left;\"><a href=\"http:\/\/adelucas.es\/?page_id=126\"><span style=\"color: #333399;\">Tesis doctoral y tesina (TFM)<\/span><\/a><\/h4>\t\t\t\t\t<\/div>\n\t\t\t\t\t\t<\/div>\n\t\t\t\t<\/div>\n\t\t\t\t\t\t<\/div>\n\t\t\t\t\t<\/div>\n\t\t<\/div>\n\t\t\t\t\t\t\t\t<\/div>\n\t\t\t\t\t<\/div>\n\t\t<\/section>\n\t\t\t\t\t\t\t\t\t<\/div>\n\t\t\t<\/div>\n\t\t\t\t\t<\/div>\n\t\t","protected":false},"excerpt":{"rendered":"<p>Art\u00edculos en revistas cient\u00edficas Art\u00edculos y entrevistas de divulgaci\u00f3n Cap\u00edtulos de libro \/ Actas de congreso Edici\u00f3n de monogr\u00e1ficos Tesis doctoral y tesina (TFM)<\/p>\n","protected":false},"author":1,"featured_media":0,"parent":0,"menu_order":0,"comment_status":"closed","ping_status":"closed","template":"","meta":[],"_links":{"self":[{"href":"https:\/\/adelucas.es\/index.php?rest_route=\/wp\/v2\/pages\/30"}],"collection":[{"href":"https:\/\/adelucas.es\/index.php?rest_route=\/wp\/v2\/pages"}],"about":[{"href":"https:\/\/adelucas.es\/index.php?rest_route=\/wp\/v2\/types\/page"}],"author":[{"embeddable":true,"href":"https:\/\/adelucas.es\/index.php?rest_route=\/wp\/v2\/users\/1"}],"replies":[{"embeddable":true,"href":"https:\/\/adelucas.es\/index.php?rest_route=%2Fwp%2Fv2%2Fcomments&post=30"}],"version-history":[{"count":20,"href":"https:\/\/adelucas.es\/index.php?rest_route=\/wp\/v2\/pages\/30\/revisions"}],"predecessor-version":[{"id":417,"href":"https:\/\/adelucas.es\/index.php?rest_route=\/wp\/v2\/pages\/30\/revisions\/417"}],"wp:attachment":[{"href":"https:\/\/adelucas.es\/index.php?rest_route=%2Fwp%2Fv2%2Fmedia&parent=30"}],"curies":[{"name":"wp","href":"https:\/\/api.w.org\/{rel}","templated":true}]}}