{"id":426,"date":"2020-11-09T18:04:03","date_gmt":"2020-11-09T16:04:03","guid":{"rendered":"http:\/\/adelucas.es\/?page_id=426"},"modified":"2023-04-24T12:13:42","modified_gmt":"2023-04-24T10:13:42","slug":"entre-paris-y-la-habana-novela","status":"publish","type":"page","link":"https:\/\/adelucas.es\/?page_id=426","title":{"rendered":"Entre Par\u00eds y La Habana (novela)"},"content":{"rendered":"\t\t<div data-elementor-type=\"wp-post\" data-elementor-id=\"426\" class=\"elementor elementor-426\">\n\t\t\t\t\t\t<div class=\"elementor-inner\">\n\t\t\t\t<div class=\"elementor-section-wrap\">\n\t\t\t\t\t\t\t\t\t<section class=\"elementor-section elementor-top-section elementor-element elementor-element-e22d5ba elementor-section-boxed elementor-section-height-default elementor-section-height-default\" data-id=\"e22d5ba\" data-element_type=\"section\">\n\t\t\t\t\t\t<div class=\"elementor-container elementor-column-gap-default\">\n\t\t\t\t\t\t\t<div class=\"elementor-row\">\n\t\t\t\t\t<div class=\"elementor-column elementor-col-100 elementor-top-column elementor-element elementor-element-c15f78c\" data-id=\"c15f78c\" data-element_type=\"column\">\n\t\t\t<div class=\"elementor-column-wrap elementor-element-populated\">\n\t\t\t\t\t\t\t<div class=\"elementor-widget-wrap\">\n\t\t\t\t\t\t<section class=\"elementor-section elementor-inner-section elementor-element elementor-element-2955964 elementor-section-boxed elementor-section-height-default elementor-section-height-default\" data-id=\"2955964\" data-element_type=\"section\">\n\t\t\t\t\t\t<div class=\"elementor-container elementor-column-gap-default\">\n\t\t\t\t\t\t\t<div class=\"elementor-row\">\n\t\t\t\t\t<div class=\"elementor-column elementor-col-50 elementor-inner-column elementor-element elementor-element-879476e\" data-id=\"879476e\" data-element_type=\"column\">\n\t\t\t<div class=\"elementor-column-wrap elementor-element-populated\">\n\t\t\t\t\t\t\t<div class=\"elementor-widget-wrap\">\n\t\t\t\t\t\t<div class=\"elementor-element elementor-element-cb54f09 elementor-widget elementor-widget-image\" data-id=\"cb54f09\" data-element_type=\"widget\" data-widget_type=\"image.default\">\n\t\t\t\t<div class=\"elementor-widget-container\">\n\t\t\t\t\t\t\t\t<div class=\"elementor-image\">\n\t\t\t\t\t\t\t\t\t<figure class=\"wp-caption\">\n\t\t\t\t\t\t\t\t\t\t<img decoding=\"async\" width=\"352\" height=\"499\" src=\"https:\/\/adelucas.es\/wp-content\/uploads\/2020\/07\/Portada-de-novela.jpg\" class=\"attachment-large size-large wp-image-419\" alt=\"\" loading=\"lazy\" srcset=\"https:\/\/adelucas.es\/wp-content\/uploads\/2020\/07\/Portada-de-novela.jpg 352w, https:\/\/adelucas.es\/wp-content\/uploads\/2020\/07\/Portada-de-novela-212x300.jpg 212w\" sizes=\"(max-width: 352px) 100vw, 352px\" \/>\t\t\t\t\t\t\t\t\t\t\t<figcaption class=\"widget-image-caption wp-caption-text\">Portada de la novela<\/figcaption>\n\t\t\t\t\t\t\t\t\t\t<\/figure>\n\t\t\t\t\t\t\t\t<\/div>\n\t\t\t\t\t\t<\/div>\n\t\t\t\t<\/div>\n\t\t\t\t\t\t<\/div>\n\t\t\t\t\t<\/div>\n\t\t<\/div>\n\t\t\t\t<div class=\"elementor-column elementor-col-50 elementor-inner-column elementor-element elementor-element-791de5a\" data-id=\"791de5a\" data-element_type=\"column\">\n\t\t\t<div class=\"elementor-column-wrap elementor-element-populated\">\n\t\t\t\t\t\t\t<div class=\"elementor-widget-wrap\">\n\t\t\t\t\t\t<div class=\"elementor-element elementor-element-549f315 elementor-widget elementor-widget-text-editor\" data-id=\"549f315\" data-element_type=\"widget\" data-widget_type=\"text-editor.default\">\n\t\t\t\t<div class=\"elementor-widget-container\">\n\t\t\t\t\t\t\t\t<div class=\"elementor-text-editor elementor-clearfix\">\n\t\t\t\t<p>\u00a0<\/p><p style=\"text-align: center;\"><span style=\"color: #000000;\">En el Par\u00eds de los impresionistas, un pintor prometedor se enfrenta a la oportunidad de darse a conocer, pero necesita crear una obra nueva. En el proceso, las im\u00e1genes del camino que ha seguido hasta ese momento contribuyen a cada pincelada de su cuadro.<\/span><\/p><p style=\"text-align: center;\"><span style=\"color: #000000;\">Por otra parte, en La Habana posrevolucionaria, un joven aspirante a poeta se enamora por primera vez, pero de una mujer fuera de su alcance.<\/span><\/p><p style=\"text-align: center;\"><span style=\"color: #000000;\">Las vidas de ambos personajes estar\u00e1n conectadas m\u00e1s all\u00e1 del tiempo y el espacio.<\/span><\/p>\t\t\t\t\t<\/div>\n\t\t\t\t\t\t<\/div>\n\t\t\t\t<\/div>\n\t\t\t\t\t\t<\/div>\n\t\t\t\t\t<\/div>\n\t\t<\/div>\n\t\t\t\t\t\t\t\t<\/div>\n\t\t\t\t\t<\/div>\n\t\t<\/section>\n\t\t\t\t\t\t<\/div>\n\t\t\t\t\t<\/div>\n\t\t<\/div>\n\t\t\t\t\t\t\t\t<\/div>\n\t\t\t\t\t<\/div>\n\t\t<\/section>\n\t\t\t\t<section class=\"elementor-section elementor-top-section elementor-element elementor-element-3c137f1 elementor-section-boxed elementor-section-height-default elementor-section-height-default\" data-id=\"3c137f1\" data-element_type=\"section\">\n\t\t\t\t\t\t<div class=\"elementor-container elementor-column-gap-default\">\n\t\t\t\t\t\t\t<div class=\"elementor-row\">\n\t\t\t\t\t<div class=\"elementor-column elementor-col-100 elementor-top-column elementor-element elementor-element-ea51b73\" data-id=\"ea51b73\" data-element_type=\"column\">\n\t\t\t<div class=\"elementor-column-wrap elementor-element-populated\">\n\t\t\t\t\t\t\t<div class=\"elementor-widget-wrap\">\n\t\t\t\t\t\t<div class=\"elementor-element elementor-element-ef04527 elementor-widget elementor-widget-text-editor\" data-id=\"ef04527\" data-element_type=\"widget\" data-widget_type=\"text-editor.default\">\n\t\t\t\t<div class=\"elementor-widget-container\">\n\t\t\t\t\t\t\t\t<div class=\"elementor-text-editor elementor-clearfix\">\n\t\t\t\t<ul><li><a href=\"http:\/\/adelucas.es\/?page_id=484\">Descarga el primer cap\u00edtulo<\/a><\/li><li><a href=\"http:\/\/adelucas.es\/?page_id=444\" target=\"_blank\" rel=\"noopener\">Opiniones de los lectores<\/a><\/li><li><a href=\"http:\/\/adelucas.es\/?page_id=491\" target=\"_blank\" rel=\"noopener\">D\u00f3nde comprarla<\/a><\/li><li><a href=\"http:\/\/adelucas.es\/?page_id=314\" target=\"_blank\" rel=\"noopener\">Entrevistas sobre la novela<\/a><\/li><li>Presentaciones y ferias<\/li><\/ul>\t\t\t\t\t<\/div>\n\t\t\t\t\t\t<\/div>\n\t\t\t\t<\/div>\n\t\t\t\t\t\t<\/div>\n\t\t\t\t\t<\/div>\n\t\t<\/div>\n\t\t\t\t\t\t\t\t<\/div>\n\t\t\t\t\t<\/div>\n\t\t<\/section>\n\t\t\t\t\t\t\t\t\t<\/div>\n\t\t\t<\/div>\n\t\t\t\t\t<\/div>\n\t\t","protected":false},"excerpt":{"rendered":"<p>Portada de la novela En el Par\u00eds de los impresionistas, un pintor prometedor se enfrenta a la oportunidad de darse a conocer, pero necesita crear una obra nueva. En el proceso, las im\u00e1genes del camino que ha seguido hasta ese momento contribuyen a cada pincelada de su cuadro. Por otra parte, en La Habana posrevolucionaria, &#8230;<\/p>\n","protected":false},"author":1,"featured_media":0,"parent":0,"menu_order":0,"comment_status":"closed","ping_status":"closed","template":"","meta":[],"_links":{"self":[{"href":"https:\/\/adelucas.es\/index.php?rest_route=\/wp\/v2\/pages\/426"}],"collection":[{"href":"https:\/\/adelucas.es\/index.php?rest_route=\/wp\/v2\/pages"}],"about":[{"href":"https:\/\/adelucas.es\/index.php?rest_route=\/wp\/v2\/types\/page"}],"author":[{"embeddable":true,"href":"https:\/\/adelucas.es\/index.php?rest_route=\/wp\/v2\/users\/1"}],"replies":[{"embeddable":true,"href":"https:\/\/adelucas.es\/index.php?rest_route=%2Fwp%2Fv2%2Fcomments&post=426"}],"version-history":[{"count":17,"href":"https:\/\/adelucas.es\/index.php?rest_route=\/wp\/v2\/pages\/426\/revisions"}],"predecessor-version":[{"id":858,"href":"https:\/\/adelucas.es\/index.php?rest_route=\/wp\/v2\/pages\/426\/revisions\/858"}],"wp:attachment":[{"href":"https:\/\/adelucas.es\/index.php?rest_route=%2Fwp%2Fv2%2Fmedia&parent=426"}],"curies":[{"name":"wp","href":"https:\/\/api.w.org\/{rel}","templated":true}]}}